{"id":63602,"date":"2018-01-21T11:50:47","date_gmt":"2018-01-21T11:50:47","guid":{"rendered":"https:\/\/tenerife-trips.com\/?post_type=product&#038;p=63602"},"modified":"2026-04-04T11:24:19","modified_gmt":"2026-04-04T10:24:19","slug":"mht-teneryfa","status":"publish","type":"product","link":"https:\/\/tenerife-trips.com\/pl\/product\/spekatakle-nocne\/mht-teneryfa\/","title":{"rendered":"MHT"},"content":{"rendered":"<div class=\"wpb-content-wrapper\"><p>[vc_row full_width=&#8221;stretch_row_content_no_spaces&#8221;][vc_column][vc_column_text css=&#8221;.vc_custom_1743671447103{background-color: #F6EB14 !important;background-position: center !important;background-repeat: no-repeat !important;background-size: cover !important;}&#8221; css_animation=&#8221;fadeIn&#8221;]<\/p>\n<h1 class=\"title-h2\" style=\"text-align: center;\"><span style=\"font-size: 18pt; color: #312c7a;\">MHT<\/span><\/h1>\n<p>[\/vc_column_text][\/vc_column][\/vc_row][vc_row][vc_column][vc_column_text]<\/p>\n<p style=\"text-align: center;\"><span style=\"font-size: 14pt;\">MHT Teneryfa to s\u0142ynna komedia Drag Dinner Show; cudowna noc, podczas kt\u00f3rej l\u015bni\u0107 b\u0119d\u0105 niesamowite kostiumy i rozbrzmiewa\u0107 b\u0119dzie radosny \u015bmiech. Wszystko to dzi\u0119ki obsadzie najwy\u017cszej klasy ta\u0144cz\u0105cej i \u015bpiewaj\u0105cej przez ca\u0142\u0105 noc! Komedia ta jest odpowiednia dla wszystkich grup, w tym te\u017c rodzin.<\/span><\/p>\n<p style=\"text-align: center;\"><span style=\"font-size: 14pt;\"><strong>\u21d3 Sp\u00f3jrz na dalszy opis poni\u017cej \u21d3<\/strong><\/span><\/p>\n<p>[\/vc_column_text][\/vc_column][\/vc_row][vc_row full_width=&#8221;stretch_row_content&#8221; full_height=&#8221;yes&#8221; css=&#8221;.vc_custom_1576192123211{background-color: #312c7a !important;background-position: center !important;background-repeat: no-repeat !important;background-size: cover !important;}&#8221;][vc_column]<div class=\"gem-vimeo gem-wrapbox gem-wrapbox-style-no-style rounded-corners gem-wrapbox-position-below\" style=\"width: 100%;\"><div class=\"gem-wrapbox-inner gem-ratio-style\" style=\"padding-top: 56.25%\"><iframe webkitallowfullscreen=\"true\" mozallowfullscreen=\"true\" allowfullscreen=\"true\" class=\"gem-wrapbox-element img-responsive\" frameborder=\"0\" scrolling=\"no\" marginheight=\"0\" marginwidth=\"0\" src=\"\/\/player.vimeo.com\/video\/326036320?title=0&amp;byline=0&amp;portrait=0 \"><\/iframe><\/div><\/div>[vc_empty_space]<div class=\"preloader\"><div class=\"preloader-spin\"><\/div><\/div> <div id=\"gem-gallery-69e34cd546bbe\" class=\"gem-gallery gem-gallery-hover-zooming-blur\"> <div class=\"gem-gallery-item\"> <div class=\"gem-gallery-item-image\"> <a href=\"https:\/\/tenerife-trips.com\/wp-content\/uploads\/2019\/12\/MHT-thegem-gallery-sidebar.jpg\" data-fancybox-group=\"gallery-69e34cd546bbe\" data-full-image-url=\"https:\/\/tenerife-trips.com\/wp-content\/uploads\/2019\/12\/MHT.jpg\"> <svg width=\"20\" height=\"10\"><path d=\"M 0,10 Q 9,9 10,0 Q 11,9 20,10\" \/><\/svg> <img src=\"https:\/\/tenerife-trips.com\/wp-content\/uploads\/2019\/12\/MHT-thegem-post-thumb-small.jpg\" alt=\"\" class=\"img-responsive\"> <span class=\"gem-gallery-caption slide-info\"> <\/span> <\/a> <span class=\"gem-gallery-line\"><\/span> <\/div> <\/div> <div class=\"gem-gallery-item\"> <div class=\"gem-gallery-item-image\"> <a href=\"https:\/\/tenerife-trips.com\/wp-content\/uploads\/2018\/01\/shows-Tenerife-thegem-gallery-sidebar.jpg\" data-fancybox-group=\"gallery-69e34cd546bbe\" data-full-image-url=\"https:\/\/tenerife-trips.com\/wp-content\/uploads\/2018\/01\/shows-Tenerife.jpg\"> <svg width=\"20\" height=\"10\"><path d=\"M 0,10 Q 9,9 10,0 Q 11,9 20,10\" \/><\/svg> <img src=\"https:\/\/tenerife-trips.com\/wp-content\/uploads\/2018\/01\/shows-Tenerife-thegem-post-thumb-small.jpg\" alt=\"\" class=\"img-responsive\"> <span class=\"gem-gallery-caption slide-info\"> <\/span> <\/a> <span class=\"gem-gallery-line\"><\/span> <\/div> <\/div> <div class=\"gem-gallery-item\"> <div class=\"gem-gallery-item-image\"> <a href=\"https:\/\/tenerife-trips.com\/wp-content\/uploads\/2019\/12\/show-Tenerife-thegem-gallery-sidebar.jpg\" data-fancybox-group=\"gallery-69e34cd546bbe\" data-full-image-url=\"https:\/\/tenerife-trips.com\/wp-content\/uploads\/2019\/12\/show-Tenerife.jpg\"> <svg width=\"20\" height=\"10\"><path d=\"M 0,10 Q 9,9 10,0 Q 11,9 20,10\" \/><\/svg> <img src=\"https:\/\/tenerife-trips.com\/wp-content\/uploads\/2019\/12\/show-Tenerife-thegem-post-thumb-small.jpg\" alt=\"show Tenerife\" class=\"img-responsive\"> <span class=\"gem-gallery-caption slide-info\"> <\/span> <\/a> <span class=\"gem-gallery-line\"><\/span> <\/div> <\/div> <div class=\"gem-gallery-item\"> <div class=\"gem-gallery-item-image\"> <a href=\"https:\/\/tenerife-trips.com\/wp-content\/uploads\/2019\/12\/MHT-Teneryfa-thegem-gallery-sidebar.jpg\" data-fancybox-group=\"gallery-69e34cd546bbe\" data-full-image-url=\"https:\/\/tenerife-trips.com\/wp-content\/uploads\/2019\/12\/MHT-Teneryfa.jpg\"> <svg width=\"20\" height=\"10\"><path d=\"M 0,10 Q 9,9 10,0 Q 11,9 20,10\" \/><\/svg> <img src=\"https:\/\/tenerife-trips.com\/wp-content\/uploads\/2019\/12\/MHT-Teneryfa-thegem-post-thumb-small.jpg\" alt=\"MHT Teneryfa\" class=\"img-responsive\"> <span class=\"gem-gallery-caption slide-info\"> <\/span> <\/a> <span class=\"gem-gallery-line\"><\/span> <\/div> <\/div> <div class=\"gem-gallery-item\"> <div class=\"gem-gallery-item-image\"> <a href=\"https:\/\/tenerife-trips.com\/wp-content\/uploads\/2019\/12\/MHT-2-thegem-gallery-sidebar.png\" data-fancybox-group=\"gallery-69e34cd546bbe\" data-full-image-url=\"https:\/\/tenerife-trips.com\/wp-content\/uploads\/2019\/12\/MHT-2.png\"> <svg width=\"20\" height=\"10\"><path d=\"M 0,10 Q 9,9 10,0 Q 11,9 20,10\" \/><\/svg> <img src=\"https:\/\/tenerife-trips.com\/wp-content\/uploads\/2019\/12\/MHT-2-thegem-post-thumb-small.png\" alt=\"\" class=\"img-responsive\"> <span class=\"gem-gallery-caption slide-info\"> <\/span> <\/a> <span class=\"gem-gallery-line\"><\/span> <\/div> <\/div> <div class=\"gem-gallery-item\"> <div class=\"gem-gallery-item-image\"> <a href=\"https:\/\/tenerife-trips.com\/wp-content\/uploads\/2019\/12\/MHT-thegem-gallery-sidebar.png\" data-fancybox-group=\"gallery-69e34cd546bbe\" data-full-image-url=\"https:\/\/tenerife-trips.com\/wp-content\/uploads\/2019\/12\/MHT.png\"> <svg width=\"20\" height=\"10\"><path d=\"M 0,10 Q 9,9 10,0 Q 11,9 20,10\" \/><\/svg> <img src=\"https:\/\/tenerife-trips.com\/wp-content\/uploads\/2019\/12\/MHT-thegem-post-thumb-small.png\" alt=\"\" class=\"img-responsive\"> <span class=\"gem-gallery-caption slide-info\"> <\/span> <\/a> <span class=\"gem-gallery-line\"><\/span> <\/div> <\/div> <\/div>[vc_empty_space][\/vc_column][\/vc_row][vc_row full_width=&#8221;stretch_row&#8221; css=&#8221;.vc_custom_1577671222333{background-color: #312c7a !important;background-position: center !important;background-repeat: no-repeat !important;background-size: cover !important;}&#8221;][vc_column][vc_column_text]<\/p>\n<h3 style=\"text-align: center;\"><span style=\"color: #ffffff; font-size: 18pt;\">OPIS\u00a0<\/span><\/h3>\n<p>[\/vc_column_text][\/vc_column][\/vc_row][vc_row][vc_column][vc_tta_accordion style=&#8221;simple_solid&#8221; color=&#8221;blue&#8221; c_icon=&#8221;chevron&#8221; active_section=&#8221;-0&#8243; collapsible_all=&#8221;true&#8221;][vc_tta_section title=&#8221;INFORMACJA O SPEKTAKLU&#8221; tab_id=&#8221;1577671091617-0af8eee0-94020f62-84c4aac8-a49bd321-e00bb0c2-8f5aa850-451773fd-4020b0c5-45a9&#8243;][vc_column_text css=&#8221;&#8221;]<\/p>\n<h3><span style=\"font-size: 12pt;\">MHT Teneryfa to s\u0142ynna komedia Drag Dinner Show; cudowna noc, podczas kt\u00f3rej l\u015bni\u0107 b\u0119d\u0105 niesamowite kostiumy i rozbrzmiewa\u0107 b\u0119dzie radosny \u015bmiech. Wszystko to dzi\u0119ki obsadzie najwy\u017cszej klasy ta\u0144cz\u0105cej i \u015bpiewaj\u0105cej przez ca\u0142\u0105 noc! Komedia ta jest odpowiednia dla wszystkich grup, w tym te\u017c rodzin.<\/span><\/h3>\n<p><span style=\"font-size: 14pt;\">Teneryfa to nie tylko miejsce do odpoczynku na pla\u017cy i opalania si\u0119; wyspa ta bogata jest te\u017c w r\u00f3\u017cnego rodzaju atrakcje i rozrywki. Jedn\u0105 z nich jest w\u0142a\u015bnie to kolorowe show MHT Teneryfa b\u0119d\u0105ce idealn\u0105 okazj\u0105, \u017ceby si\u0119 rozerwa\u0107 w towarzystwie przyjaci\u00f3\u0142, partnera lub te\u017c rodziny.<\/span><\/p>\n<p><span style=\"font-size: 14pt;\">Dla tych, co nie bardzo orientuj\u0105 si\u0119 na czym polega <a href=\"https:\/\/pl.wikipedia.org\/wiki\/Drag_queen\">Drag Queen<\/a> show, jest to spektakl scenicznych postaci przebranych tak, aby ekstremalnie emanowa\u0107 kobieco\u015bci\u0105, czemu towarzyszy\u0107 b\u0119dzie a\u017c przesadny makija\u017c oraz karykaturalny styl zachowania. Bohaterowie MHT Teneryfa ta\u0144cz\u0105, \u015bpiewaj\u0105 i anga\u017cuj\u0105 widz\u00f3w, sprawiaj\u0105c, \u017ce noc jest niezwykle zabawna i przyjemna. Spektakl odbywa si\u0119 w j\u0119zyku angielskim, dzi\u0119ki czemu docieraj\u0105c do jak najwi\u0119kszej grupy odbiorc\u00f3w.<\/span><\/p>\n<p><span style=\"font-size: 14pt;\">Podczas obiadu widzowie mog\u0105 zje\u015b\u0107 smaczny obiad, kt\u00f3ry jest wliczony w cen\u0119. Ponadto,<span style=\"color: #ff0000;\"> za dodatkowe \u20ac25 wliczone mo\u017cna mie\u0107 nielimitowane spo\u017cycie napoj\u00f3w takich jak wino, piwo, sangria, alkohole lokalne oraz napoje bezalkoholowe.<\/span><\/span><\/p>\n<h3><span style=\"font-size: 12pt;\">Kolacja MHT Teneryfa sk\u0142ada si\u0119 z:<\/span><\/h3>\n<p><span style=\"font-size: 14pt;\">Przystawka: zupa jarzynowa z chlebem oraz mas\u0142em<\/span><\/p>\n<p><span style=\"font-size: 14pt;\">Danie g\u0142\u00f3wne: obiad z pieczonego indyka podawany z pieczonymi ziemniakami, warzywami sezonowymi, budyniem Yorkshire oraz sosem<\/span><\/p>\n<p><span style=\"font-size: 14pt;\">Deser: lody Viennetta<\/span><\/p>\n<p><span style=\"font-size: 14pt;\">Danie wegetaria\u0144skie: puree ziemniaczane, warzywa, pieczone, ziemniaki, pudding yorkshire, i burger na bazie fasoli<\/span><\/p>\n<p><span style=\"font-size: 14pt;\">Propozycja dla dzieci: nuggetsy z kurczaka z frytkami lub pieczony indyk<\/span><\/p>\n<p><span style=\"color: #ff0000; font-size: 14pt;\">Uprzejmie prosimy, je\u015bli posiadasz alergi\u0119 na pszenic\u0119 lub gluten, poinformuj nas o tym w momencie dokonania rezerwacji.<\/span>[\/vc_column_text][\/vc_tta_section][vc_tta_section title=&#8221;ROZK\u0141AD I TRANSFER&#8221; tab_id=&#8221;1577671091666-736a5870-75e30f62-84c4aac8-a49bd321-e00bb0c2-8f5aa850-451773fd-4020b0c5-45a9&#8243;][vc_column_text css=&#8221;&#8221;]<strong><span style=\"font-size: 14pt;\">W przypadku tego wydarzenia nie jest dost\u0119pna us\u0142uga odbioru; nale\u017cy uda\u0107 si\u0119 do baru <a href=\"https:\/\/maps.app.goo.gl\/g1hVPANeLugjAba28\" target=\"_blank\" rel=\"noopener\">Vivo<\/a> w Playa de Las Americas.<br \/>\n<\/span><\/strong><\/p>\n<p><span style=\"text-decoration: underline; font-size: 14pt;\"><span style=\"color: #ff0000; text-decoration: underline;\">ROZK\u0141AD:<\/span><\/span><\/p>\n<p><span style=\"font-size: 14pt;\">Prosimy o zapytanie dzia\u0142u obs\u0142ugi klienta, w kt\u00f3re dni mo\u017cna obejrze\u0107 pokaz. Spektakl MHT Teneryfa odbywa si\u0119 <a href=\"https:\/\/maps.app.goo.gl\/TzPsqyitSzhvAo2d9\" target=\"_blank\" rel=\"noopener\">barze Vivo<\/a> w Playa de Las Americas.<\/span><\/p>\n<p><span style=\"font-size: 14pt;\"><b><strong>Przybli\u017cone godziny<\/strong><\/b><\/span><\/p>\n<p><span style=\"font-size: 14pt;\">Otwarcie drzwi 19.00<\/span><\/p>\n<p><span style=\"font-size: 14pt;\">MHT Pre Show 19.30<\/span><\/p>\n<p><span style=\"font-size: 14pt;\">Posi\u0142ek jest serwowany 19.50<\/span><\/p>\n<p><span style=\"font-size: 14pt;\">G\u0142\u00f3wny pokaz MHT 20.50<\/span><\/p>\n<p><span style=\"font-size: 14pt;\">Pokaz ko\u0144czy si\u0119 o 23.00<\/span><\/p>\n<p><span style=\"font-size: 14pt;\"><strong>OBEJRZYJ FILMIK, PRZEKONAJ SI\u0118, JAK WYGL\u0104DA NASZA WYCIECZKA I ZAREZERWUJ JU\u017b TERAZ!<\/strong><\/span>[\/vc_column_text][\/vc_tta_section][\/vc_tta_accordion][\/vc_column][\/vc_row][vc_row full_width=&#8221;stretch_row_content&#8221; css=&#8221;.vc_custom_1577476060002{background-color: #312c7a !important;background-position: center !important;background-repeat: no-repeat !important;background-size: cover !important;}&#8221;][vc_column][vc_column_text]<\/p>\n<h3 style=\"text-align: center;\"><strong><span style=\"font-size: 18pt; color: #ffffff;\">ZAREZERWUJ TERAZ<\/span><\/strong><\/h3>\n<p>[\/vc_column_text][\/vc_column][\/vc_row]<\/p>\n<\/div>","protected":false},"excerpt":{"rendered":"<p>[vc_row full_width=&#8221;stretch_row_content_no_spaces&#8221;][vc_column][vc_column_text css=&#8221;.vc_custom_1743671447103{background-color: #F6EB14 !important;background-position: center !important;background-repeat: no-repeat !important;background-size: cover !important;}&#8221; css_animation=&#8221;fadeIn&#8221;] MHT [\/vc_column_text][\/vc_column][\/vc_row][vc_row][vc_column][vc_column_text] MHT Teneryfa to s\u0142ynna komedia Drag&#8230;<\/p>\n","protected":false},"featured_media":333937,"template":"","meta":{"_acf_changed":false,"_seopress_robots_primary_cat":"none","_seopress_titles_title":"MHT Teneryfa, rozrywka przy s\u0142ynnym Drag Queen show","_seopress_titles_desc":"MHT Teneryfa to s\u0142ynny spektakl komediowy Drag Queen Dinner Show. Gwarancja najlepszej obsady postaci i mn\u00f3stwo \u015bmiechu! Zarezerwuj teraz","_seopress_robots_index":""},"product_brand":[],"product_cat":[2546],"product_tag":[2689,2688,2690,2691,2684],"class_list":{"0":"post-63602","1":"product","2":"type-product","3":"status-publish","4":"has-post-thumbnail","6":"product_cat-spekatakle-nocne","7":"product_tag-drag-queen-show-na-teneryfie","8":"product_tag-drag-queen-teneryfa","9":"product_tag-mgt-teneryfa","10":"product_tag-rozrywka-teneryfa","11":"product_tag-spektakle-teneryfa","13":"first","14":"instock","15":"virtual","16":"sold-individually","17":"taxable","18":"purchasable","19":"product-type-booking"},"booking_location":"","booking_location_type":"","booking_duration":1,"booking_duration_unit":"day","booking_buffer":0,"booking_cost":0,"booking_resources":[],"acf":[],"_links":{"self":[{"href":"https:\/\/tenerife-trips.com\/pl\/wp-json\/wp\/v2\/product\/63602","targetHints":{"allow":["GET"]}}],"collection":[{"href":"https:\/\/tenerife-trips.com\/pl\/wp-json\/wp\/v2\/product"}],"about":[{"href":"https:\/\/tenerife-trips.com\/pl\/wp-json\/wp\/v2\/types\/product"}],"wp:featuredmedia":[{"embeddable":true,"href":"https:\/\/tenerife-trips.com\/pl\/wp-json\/wp\/v2\/media\/333937"}],"wp:attachment":[{"href":"https:\/\/tenerife-trips.com\/pl\/wp-json\/wp\/v2\/media?parent=63602"}],"wp:term":[{"taxonomy":"product_brand","embeddable":true,"href":"https:\/\/tenerife-trips.com\/pl\/wp-json\/wp\/v2\/product_brand?post=63602"},{"taxonomy":"product_cat","embeddable":true,"href":"https:\/\/tenerife-trips.com\/pl\/wp-json\/wp\/v2\/product_cat?post=63602"},{"taxonomy":"product_tag","embeddable":true,"href":"https:\/\/tenerife-trips.com\/pl\/wp-json\/wp\/v2\/product_tag?post=63602"}],"curies":[{"name":"wp","href":"https:\/\/api.w.org\/{rel}","templated":true}]}}