{"id":64096,"date":"2018-03-28T18:39:07","date_gmt":"2018-03-28T17:39:07","guid":{"rendered":"https:\/\/tenerife-trips.com\/?post_type=product&#038;p=64096"},"modified":"2025-12-03T12:03:13","modified_gmt":"2025-12-03T12:03:13","slug":"loro-park-teneryfa","status":"publish","type":"product","link":"https:\/\/tenerife-trips.com\/pl\/product\/parki-tematyczne\/loro-park-teneryfa\/","title":{"rendered":"LORO PARK"},"content":{"rendered":"<div class=\"wpb-content-wrapper\"><p>[vc_row full_width=&#8221;stretch_row_content_no_spaces&#8221;][vc_column][vc_column_text css=&#8221;.vc_custom_1743622375148{background-color: #F6EB14 !important;background-position: center !important;background-repeat: no-repeat !important;background-size: cover !important;}&#8221; css_animation=&#8221;fadeIn&#8221;]<\/p>\n<h1 class=\"title-h2\" style=\"text-align: center;\"><span style=\"font-size: 18pt; color: #312c7a;\">LORO PARK<\/span><\/h1>\n<p>[\/vc_column_text][\/vc_column][\/vc_row][vc_row][vc_column][vc_column_text]<\/p>\n<p style=\"text-align: center;\"><span style=\"font-size: 14pt;\">Wizyta w Loro Park Teneryfa jest bezsprzecznie jedn\u0105 z najlepszych atrakcji, kt\u00f3r\u0105 warto odwiedzi\u0107 podczas Twoich wakacji na wyspie. Ten s\u0142ynny park zoologiczny znajduje si\u0119 na p\u00f3\u0142nocnym wybrze\u017cu Teneryfy w Puerto de la Cruz. Co wi\u0119cej, zosta\u0142 on uznany w corocznym rankingu Travellers&#8217; Choice Trip Advisora najlepszym parkiem zoologicznym na \u015bwiecie.<\/span><\/p>\n<p style=\"text-align: center;\"><span style=\"font-size: 14pt;\"><strong>\u21d3 Sp\u00f3jrz na dalszy opis poni\u017cej \u21d3<\/strong><\/span><\/p>\n<p>[\/vc_column_text][\/vc_column][\/vc_row][vc_row full_width=&#8221;stretch_row_content&#8221; full_height=&#8221;yes&#8221; css=&#8221;.vc_custom_1576192123211{background-color: #312c7a !important;background-position: center !important;background-repeat: no-repeat !important;background-size: cover !important;}&#8221;][vc_column]<div class=\"gem-vimeo gem-wrapbox gem-wrapbox-style-no-style rounded-corners gem-wrapbox-position-below\" style=\"width: 100%;\"><div class=\"gem-wrapbox-inner gem-ratio-style\" style=\"padding-top: 56.25%\"><iframe webkitallowfullscreen=\"true\" mozallowfullscreen=\"true\" allowfullscreen=\"true\" class=\"gem-wrapbox-element img-responsive\" frameborder=\"0\" scrolling=\"no\" marginheight=\"0\" marginwidth=\"0\" src=\"\/\/player.vimeo.com\/video\/328641209?title=0&amp;byline=0&amp;portrait=0 \"><\/iframe><\/div><\/div>[vc_empty_space]<div class=\"preloader\"><div class=\"preloader-spin\"><\/div><\/div> <div id=\"gem-gallery-69d34d682fafb\" class=\"gem-gallery gem-gallery-hover-zooming-blur\" data-autoscroll=\"3000\"> <div class=\"gem-gallery-item\"> <div class=\"gem-gallery-item-image\"> <a href=\"https:\/\/tenerife-trips.com\/wp-content\/uploads\/2019\/12\/2-7-thegem-gallery-sidebar.jpg\" data-fancybox-group=\"gallery-69d34d682fafb\" data-full-image-url=\"https:\/\/tenerife-trips.com\/wp-content\/uploads\/2019\/12\/2-7.jpg\"> <svg width=\"20\" height=\"10\"><path d=\"M 0,10 Q 9,9 10,0 Q 11,9 20,10\" \/><\/svg> <img src=\"https:\/\/tenerife-trips.com\/wp-content\/uploads\/2019\/12\/2-7-thegem-post-thumb-small.jpg\" alt=\"Tenerife zoo\" class=\"img-responsive\"> <span class=\"gem-gallery-caption slide-info\"> <\/span> <\/a> <span class=\"gem-gallery-line\"><\/span> <\/div> <\/div> <div class=\"gem-gallery-item\"> <div class=\"gem-gallery-item-image\"> <a href=\"https:\/\/tenerife-trips.com\/wp-content\/uploads\/2019\/12\/3-6-thegem-gallery-sidebar.jpg\" data-fancybox-group=\"gallery-69d34d682fafb\" data-full-image-url=\"https:\/\/tenerife-trips.com\/wp-content\/uploads\/2019\/12\/3-6.jpg\"> <svg width=\"20\" height=\"10\"><path d=\"M 0,10 Q 9,9 10,0 Q 11,9 20,10\" \/><\/svg> <img src=\"https:\/\/tenerife-trips.com\/wp-content\/uploads\/2019\/12\/3-6-thegem-post-thumb-small.jpg\" alt=\"Tenerife zoo\" class=\"img-responsive\"> <span class=\"gem-gallery-caption slide-info\"> <\/span> <\/a> <span class=\"gem-gallery-line\"><\/span> <\/div> <\/div> <div class=\"gem-gallery-item\"> <div class=\"gem-gallery-item-image\"> <a href=\"https:\/\/tenerife-trips.com\/wp-content\/uploads\/2019\/12\/4-6-thegem-gallery-sidebar.jpg\" data-fancybox-group=\"gallery-69d34d682fafb\" data-full-image-url=\"https:\/\/tenerife-trips.com\/wp-content\/uploads\/2019\/12\/4-6.jpg\"> <svg width=\"20\" height=\"10\"><path d=\"M 0,10 Q 9,9 10,0 Q 11,9 20,10\" \/><\/svg> <img src=\"https:\/\/tenerife-trips.com\/wp-content\/uploads\/2019\/12\/4-6-thegem-post-thumb-small.jpg\" alt=\"Twin Ticket Tenerife\" class=\"img-responsive\"> <span class=\"gem-gallery-caption slide-info\"> <\/span> <\/a> <span class=\"gem-gallery-line\"><\/span> <\/div> <\/div> <div class=\"gem-gallery-item\"> <div class=\"gem-gallery-item-image\"> <a href=\"https:\/\/tenerife-trips.com\/wp-content\/uploads\/2019\/12\/6-3-thegem-gallery-sidebar.jpg\" data-fancybox-group=\"gallery-69d34d682fafb\" data-full-image-url=\"https:\/\/tenerife-trips.com\/wp-content\/uploads\/2019\/12\/6-3.jpg\"> <svg width=\"20\" height=\"10\"><path d=\"M 0,10 Q 9,9 10,0 Q 11,9 20,10\" \/><\/svg> <img src=\"https:\/\/tenerife-trips.com\/wp-content\/uploads\/2019\/12\/6-3-thegem-post-thumb-small.jpg\" alt=\"loro parque\" class=\"img-responsive\"> <span class=\"gem-gallery-caption slide-info\"> <\/span> <\/a> <span class=\"gem-gallery-line\"><\/span> <\/div> <\/div> <div class=\"gem-gallery-item\"> <div class=\"gem-gallery-item-image\"> <a href=\"https:\/\/tenerife-trips.com\/wp-content\/uploads\/2019\/12\/7-thegem-gallery-sidebar.jpg\" data-fancybox-group=\"gallery-69d34d682fafb\" data-full-image-url=\"https:\/\/tenerife-trips.com\/wp-content\/uploads\/2019\/12\/7.jpg\"> <svg width=\"20\" height=\"10\"><path d=\"M 0,10 Q 9,9 10,0 Q 11,9 20,10\" \/><\/svg> <img src=\"https:\/\/tenerife-trips.com\/wp-content\/uploads\/2019\/12\/7-thegem-post-thumb-small.jpg\" alt=\"loro parque\" class=\"img-responsive\"> <span class=\"gem-gallery-caption slide-info\"> <\/span> <\/a> <span class=\"gem-gallery-line\"><\/span> <\/div> <\/div> <div class=\"gem-gallery-item\"> <div class=\"gem-gallery-item-image\"> <a href=\"https:\/\/tenerife-trips.com\/wp-content\/uploads\/2018\/03\/1-thegem-gallery-sidebar.jpg\" data-fancybox-group=\"gallery-69d34d682fafb\" data-full-image-url=\"https:\/\/tenerife-trips.com\/wp-content\/uploads\/2018\/03\/1.jpg\"> <svg width=\"20\" height=\"10\"><path d=\"M 0,10 Q 9,9 10,0 Q 11,9 20,10\" \/><\/svg> <img src=\"https:\/\/tenerife-trips.com\/wp-content\/uploads\/2018\/03\/1-thegem-post-thumb-small.jpg\" alt=\"Loro Park Teneryfa\" class=\"img-responsive\"> <span class=\"gem-gallery-caption slide-info\"> <\/span> <\/a> <span class=\"gem-gallery-line\"><\/span> <\/div> <\/div> <div class=\"gem-gallery-item\"> <div class=\"gem-gallery-item-image\"> <a href=\"https:\/\/tenerife-trips.com\/wp-content\/uploads\/2019\/12\/loro-thegem-gallery-sidebar.jpg\" data-fancybox-group=\"gallery-69d34d682fafb\" data-full-image-url=\"https:\/\/tenerife-trips.com\/wp-content\/uploads\/2019\/12\/loro.jpg\"> <svg width=\"20\" height=\"10\"><path d=\"M 0,10 Q 9,9 10,0 Q 11,9 20,10\" \/><\/svg> <img src=\"https:\/\/tenerife-trips.com\/wp-content\/uploads\/2019\/12\/loro-thegem-post-thumb-small.jpg\" alt=\"\" class=\"img-responsive\"> <span class=\"gem-gallery-caption slide-info\"> <\/span> <\/a> <span class=\"gem-gallery-line\"><\/span> <\/div> <\/div> <div class=\"gem-gallery-item\"> <div class=\"gem-gallery-item-image\"> <a href=\"https:\/\/tenerife-trips.com\/wp-content\/uploads\/2018\/03\/Loro-Parque-1-scaled-thegem-gallery-sidebar.png\" data-fancybox-group=\"gallery-69d34d682fafb\" data-full-image-url=\"https:\/\/tenerife-trips.com\/wp-content\/uploads\/2018\/03\/Loro-Parque-1-scaled.png\"> <svg width=\"20\" height=\"10\"><path d=\"M 0,10 Q 9,9 10,0 Q 11,9 20,10\" \/><\/svg> <img src=\"https:\/\/tenerife-trips.com\/wp-content\/uploads\/2018\/03\/Loro-Parque-1-scaled-thegem-post-thumb-small.png\" alt=\"\" class=\"img-responsive\"> <span class=\"gem-gallery-caption slide-info\"> <\/span> <\/a> <span class=\"gem-gallery-line\"><\/span> <\/div> <\/div> <\/div>[vc_empty_space][\/vc_column][\/vc_row][vc_row full_width=&#8221;stretch_row&#8221; css=&#8221;.vc_custom_1600448563028{background-color: #312c7a !important;background-position: center !important;background-repeat: no-repeat !important;background-size: cover !important;}&#8221;][vc_column][vc_column_text]<\/p>\n<h3 style=\"text-align: center;\"><span style=\"color: #ffffff;\"><span style=\"font-size: 18pt;\">OPIS\u00a0<\/span><\/span><\/h3>\n<p>[\/vc_column_text][\/vc_column][\/vc_row][vc_row][vc_column][vc_tta_accordion style=&#8221;simple_solid&#8221; color=&#8221;blue&#8221; c_icon=&#8221;chevron&#8221; active_section=&#8221;-0&#8243; collapsible_all=&#8221;true&#8221;][vc_tta_section title=&#8221;INFORMACJA NA TEMAT PARKU&#8221; tab_id=&#8221;1577671091617-0af8eee0-94020f62-84c4aac8-a49bd321-e00bb0c2-8f5aa850-451773fd-4020cf27-d150620b-19f3&#8243;][vc_column_text]<span style=\"font-size: 14pt;\">Zwiedzenie Loro Park Teneryfa jest bezsprzecznie jedn\u0105 z najfajniejszych rzeczy wartych do zrobienia tutaj na wyspie. Ten park zoologiczny znajduje si\u0119 na p\u00f3\u0142nocnym wybrze\u017cu Teneryfy w <a href=\"https:\/\/pl.wikipedia.org\/wiki\/Puerto_de_la_Cruz\">Puerto de la Cruz<\/a>.<\/span><\/p>\n<p><span style=\"font-size: 14pt;\">Ponadto, Loro Park otwarty w 1972 r. przez niemieckiego przedsi\u0119biorcy Wolfganga Kiessling oraz jego ojca zosta\u0142 uznany w corocznym rankingu Travellers&#8217; Choice Trip Advisora najlepszym parkiem zoologicznym na \u015bwiecie. \u00a0Na pocz\u0105tku go\u015bci\u0142 on 150 papug i jako pierwszy w Europie oferowa\u0142 publiczne przedstawienia z tymi w\u0142a\u015bnie ptakami. Obecnie park ten cieszy si\u0119 najwi\u0119ksz\u0105 kolekcj\u0105 papug na \u015bwiecie, znajduje si\u0119 tu ponad 300 r\u00f3\u017cnych gatunk\u00f3w, niekt\u00f3rych z nich zagro\u017conych wygini\u0119ciem.<\/span><\/p>\n<h3><span style=\"font-size: 12pt;\">W parku zoologicznym Loro Park spotka\u0107 mo\u017cna r\u00f3wnie\u017c wiele r\u00f3\u017cnych gatunk\u00f3w ssak\u00f3w, ptak\u00f3w, ryb oraz gad\u00f3w. Do jednej z najwi\u0119kszych atrakcji nale\u017c\u0105 fantastyczne pokazy orek, delfin\u00f3w, lw\u00f3w morskich oraz ptak\u00f3w. <\/span><\/h3>\n<p><span style=\"font-size: 14pt;\">Atrakcja ta ustanowi\u0142a te\u017c wiele rekord\u00f3w takich, chocia\u017cby jak najwi\u0119kszego pokazu delfin\u00f3w w Europie lub najd\u0142u\u017cszego w Europie podwodnego tunelu prowadz\u0105cego dnem akwarium z rekinami oraz innymi gatunkami ryb.<\/span><\/p>\n<h3><span style=\"font-size: 12pt;\">Warto te\u017c wspomnie\u0107, \u017ce Loro Park Teneryfa to nie tylko park zoologiczny, ale r\u00f3wnie\u017c Fundacja maj\u0105ca na celu ochron\u0119 oraz ratowanie gatunk\u00f3w zwierz\u0105t zagro\u017conych wygini\u0119ciem. To w\u0142a\u015bnie z tego powodu zosta\u0142o tu <\/span><span style=\"font-size: 12pt;\">na przyk\u0142ad <\/span><span style=\"font-size: 12pt;\">wybudowane najwi\u0119ksze na \u015bwiecie pingwinarium goszcz\u0105ce ponad 250 pingwin\u00f3w.<\/span><\/h3>\n<p><span style=\"color: #ff0000; font-size: 14pt;\">BARDZO WA\u017bNE: Uprzejmie prosimy, aby\u015b skontaktowa\u0142 si\u0119 z nami przed dokonaniem rezerwacji w celu poinformowania nas o dniu, w kt\u00f3rym chcesz odwiedzi\u0107 Loro Park. Potrzebujemy chwili, aby m\u00f3c wys\u0142a\u0107 Ci bilet wst\u0119pu. Biletu nie trzeba drukowa\u0107, mo\u017ce zosta\u0107 wy\u015bwietlony na telefonie kom\u00f3rkowym.\u00a0Podczas rezerwacji prosimy poda\u0107 r\u00f3wnie\u017c numer dzieci wchodz\u0105cych do parku bezp\u0142atnie, gdy\u017c musz\u0105 one widnie\u0107 na bilecie.<\/span>[\/vc_column_text][\/vc_tta_section][vc_tta_section title=&#8221;ROZK\u0141AD I TRANSFER&#8221; tab_id=&#8221;1577671091666-736a5870-75e30f62-84c4aac8-a49bd321-e00bb0c2-8f5aa850-451773fd-4020cf27-d150620b-19f3&#8243;][vc_column_text]Generalnie transport z po\u0142udnia Teneryfy dost\u0119pny jest codziennie. Nie mnie jednak, jego dost\u0119pno\u015b\u0107 zale\u017cy od konkretnego miejsca, gdzie si\u0119 znajdujesz, dlatego prosimy o skontaktowanie si\u0119 z nami w celu weryfikacji dost\u0119pno\u015bci transportu z Twojej okolicy przed dokonaniem rezerwacji.<\/p>\n<p><span style=\"text-decoration: underline; font-size: 14pt;\"><span style=\"color: #ff0000; text-decoration: underline;\">ROZK\u0141AD:<\/span><\/span><\/p>\n<p><span style=\"font-size: 14pt;\">Park zoologiczny Loro Park<\/span> <span style=\"font-size: 14pt;\">jest codziennie od 9:30 do 17:30.<\/span><\/p>\n<p><span style=\"font-size: 14pt;\"><strong>OBEJRZYJ FILMIK, PRZEKONAJ SI\u0118, JAK WYGL\u0104DA NASZA WYCIECZKA I ZAREZERWUJ JU\u017b TERAZ!<\/strong><\/span>[\/vc_column_text][\/vc_tta_section][\/vc_tta_accordion][\/vc_column][\/vc_row][vc_row full_width=&#8221;stretch_row_content&#8221; css=&#8221;.vc_custom_1600448541009{background-color: #312c7a !important;background-position: center !important;background-repeat: no-repeat !important;background-size: cover !important;}&#8221;][vc_column][vc_column_text]<\/p>\n<h3 style=\"text-align: center;\"><span style=\"color: #ffffff;\"><strong><span style=\"font-size: 18pt;\">ZAREZERWUJ TERAZ<\/span><\/strong><\/span><\/h3>\n<p>[\/vc_column_text][\/vc_column][\/vc_row]<\/p>\n<\/div>","protected":false},"excerpt":{"rendered":"<p>[vc_row full_width=&#8221;stretch_row_content_no_spaces&#8221;][vc_column][vc_column_text css=&#8221;.vc_custom_1743622375148{background-color: #F6EB14 !important;background-position: center !important;background-repeat: no-repeat !important;background-size: cover !important;}&#8221; css_animation=&#8221;fadeIn&#8221;] LORO PARK [\/vc_column_text][\/vc_column][\/vc_row][vc_row][vc_column][vc_column_text] Wizyta w Loro Park Teneryfa&#8230;<\/p>\n","protected":false},"featured_media":289826,"template":"","meta":{"_acf_changed":false,"_seopress_robots_primary_cat":"2545","_seopress_titles_title":"Loro Park Teneryfa, bilety wst\u0119pu do najlepszego zoo na \u015bwiecie","_seopress_titles_desc":"Loro Park Teneryfa jest wed\u0142ug Travellers&#039; Choice Tripadvisora najlepszym parkiem zoologicznym na \u015bwiecie. Kup z nami bilet wst\u0119pu ju\u017c teraz","_seopress_robots_index":""},"product_brand":[],"product_cat":[2545],"product_tag":[2698,2697,2699,2700],"class_list":{"0":"post-64096","1":"product","2":"type-product","3":"status-publish","4":"has-post-thumbnail","6":"product_cat-parki-tematyczne","7":"product_tag-loro-paque-teneryfa","8":"product_tag-loro-park-teneryfa","9":"product_tag-parki-atrakcji-teneryfa","10":"product_tag-parki-tematyczne-teneryfa","12":"first","13":"instock","14":"virtual","15":"sold-individually","16":"taxable","17":"purchasable","18":"product-type-booking"},"booking_location":"","booking_location_type":"","booking_duration":1,"booking_duration_unit":"day","booking_buffer":0,"booking_cost":0,"booking_resources":[],"acf":[],"_links":{"self":[{"href":"https:\/\/tenerife-trips.com\/pl\/wp-json\/wp\/v2\/product\/64096","targetHints":{"allow":["GET"]}}],"collection":[{"href":"https:\/\/tenerife-trips.com\/pl\/wp-json\/wp\/v2\/product"}],"about":[{"href":"https:\/\/tenerife-trips.com\/pl\/wp-json\/wp\/v2\/types\/product"}],"wp:featuredmedia":[{"embeddable":true,"href":"https:\/\/tenerife-trips.com\/pl\/wp-json\/wp\/v2\/media\/289826"}],"wp:attachment":[{"href":"https:\/\/tenerife-trips.com\/pl\/wp-json\/wp\/v2\/media?parent=64096"}],"wp:term":[{"taxonomy":"product_brand","embeddable":true,"href":"https:\/\/tenerife-trips.com\/pl\/wp-json\/wp\/v2\/product_brand?post=64096"},{"taxonomy":"product_cat","embeddable":true,"href":"https:\/\/tenerife-trips.com\/pl\/wp-json\/wp\/v2\/product_cat?post=64096"},{"taxonomy":"product_tag","embeddable":true,"href":"https:\/\/tenerife-trips.com\/pl\/wp-json\/wp\/v2\/product_tag?post=64096"}],"curies":[{"name":"wp","href":"https:\/\/api.w.org\/{rel}","templated":true}]}}