{"id":64172,"date":"2018-03-30T16:03:25","date_gmt":"2018-03-30T15:03:25","guid":{"rendered":"https:\/\/tenerife-trips.com\/?post_type=product&#038;p=64172"},"modified":"2025-12-03T12:03:07","modified_gmt":"2025-12-03T12:03:07","slug":"siam-park-teneryfa","status":"publish","type":"product","link":"https:\/\/tenerife-trips.com\/pl\/product\/parki-tematyczne\/siam-park-teneryfa\/","title":{"rendered":"SIAM PARK"},"content":{"rendered":"<div class=\"wpb-content-wrapper\"><p>[vc_row full_width=&#8221;stretch_row_content_no_spaces&#8221;][vc_column][vc_column_text css=&#8221;.vc_custom_1743622310184{background-color: #F6EB14 !important;background-position: center !important;background-repeat: no-repeat !important;background-size: cover !important;}&#8221; css_animation=&#8221;fadeIn&#8221;]<\/p>\n<h1 class=\"title-h2\" style=\"text-align: center;\"><span style=\"font-size: 18pt; color: #312c7a;\">SIAM PARK<\/span><\/h1>\n<p>[\/vc_column_text][\/vc_column][\/vc_row][vc_row][vc_column][vc_column_text]<\/p>\n<p style=\"text-align: center;\"><span style=\"font-size: 14pt;\">Ju\u017c czwarty raz z rz\u0119du Siam Park Teneryfa uznany zosta\u0142 przez u\u017cytkownik\u00f3w TripAdvisor najlepszym parkiem wodnym na \u015bwiecie! Jest to idealne miejsce rozrywki, pe\u0142ne atrakcji i przyg\u00f3d i kt\u00f3rego nie mo\u017cesz przegapi\u0107 podczas Twoich.\u00a0<\/span><\/p>\n<p style=\"text-align: center;\"><span style=\"font-size: 14pt;\"><strong>\u21d3 Sp\u00f3jrz na dalszy opis poni\u017cej \u21d3<\/strong><\/span><\/p>\n<p>[\/vc_column_text][\/vc_column][\/vc_row][vc_row full_width=&#8221;stretch_row_content&#8221; full_height=&#8221;yes&#8221; css=&#8221;.vc_custom_1576192123211{background-color: #312c7a !important;background-position: center !important;background-repeat: no-repeat !important;background-size: cover !important;}&#8221;][vc_column]<div class=\"gem-vimeo gem-wrapbox gem-wrapbox-style-no-style rounded-corners gem-wrapbox-position-below\" style=\"width: 100%;\"><div class=\"gem-wrapbox-inner gem-ratio-style\" style=\"padding-top: 56.25%\"><iframe webkitallowfullscreen=\"true\" mozallowfullscreen=\"true\" allowfullscreen=\"true\" class=\"gem-wrapbox-element img-responsive\" frameborder=\"0\" scrolling=\"no\" marginheight=\"0\" marginwidth=\"0\" src=\"\/\/player.vimeo.com\/video\/328473827?title=0&amp;byline=0&amp;portrait=0 \"><\/iframe><\/div><\/div>[vc_empty_space]<div class=\"preloader\"><div class=\"preloader-spin\"><\/div><\/div> <div id=\"gem-gallery-69e3445fc2807\" class=\"gem-gallery gem-gallery-hover-zooming-blur\"> <div class=\"gem-gallery-item\"> <div class=\"gem-gallery-item-image\"> <a href=\"https:\/\/tenerife-trips.com\/wp-content\/uploads\/2019\/12\/3-7-thegem-gallery-sidebar.jpg\" data-fancybox-group=\"gallery-69e3445fc2807\" data-full-image-url=\"https:\/\/tenerife-trips.com\/wp-content\/uploads\/2019\/12\/3-7.jpg\"> <svg width=\"20\" height=\"10\"><path d=\"M 0,10 Q 9,9 10,0 Q 11,9 20,10\" \/><\/svg> <img src=\"https:\/\/tenerife-trips.com\/wp-content\/uploads\/2019\/12\/3-7-thegem-post-thumb-small.jpg\" alt=\"siam park\" class=\"img-responsive\"> <span class=\"gem-gallery-caption slide-info\"> <\/span> <\/a> <span class=\"gem-gallery-line\"><\/span> <\/div> <\/div> <div class=\"gem-gallery-item\"> <div class=\"gem-gallery-item-image\"> <a href=\"https:\/\/tenerife-trips.com\/wp-content\/uploads\/2019\/12\/6-4-thegem-gallery-sidebar.jpg\" data-fancybox-group=\"gallery-69e3445fc2807\" data-full-image-url=\"https:\/\/tenerife-trips.com\/wp-content\/uploads\/2019\/12\/6-4.jpg\"> <svg width=\"20\" height=\"10\"><path d=\"M 0,10 Q 9,9 10,0 Q 11,9 20,10\" \/><\/svg> <img src=\"https:\/\/tenerife-trips.com\/wp-content\/uploads\/2019\/12\/6-4-thegem-post-thumb-small.jpg\" alt=\"Twin Ticket Tenerife\" class=\"img-responsive\"> <span class=\"gem-gallery-caption slide-info\"> <\/span> <\/a> <span class=\"gem-gallery-line\"><\/span> <\/div> <\/div> <div class=\"gem-gallery-item\"> <div class=\"gem-gallery-item-image\"> <a href=\"https:\/\/tenerife-trips.com\/wp-content\/uploads\/2019\/12\/4-7-thegem-gallery-sidebar.jpg\" data-fancybox-group=\"gallery-69e3445fc2807\" data-full-image-url=\"https:\/\/tenerife-trips.com\/wp-content\/uploads\/2019\/12\/4-7.jpg\"> <svg width=\"20\" height=\"10\"><path d=\"M 0,10 Q 9,9 10,0 Q 11,9 20,10\" \/><\/svg> <img src=\"https:\/\/tenerife-trips.com\/wp-content\/uploads\/2019\/12\/4-7-thegem-post-thumb-small.jpg\" alt=\"siam park\" class=\"img-responsive\"> <span class=\"gem-gallery-caption slide-info\"> <\/span> <\/a> <span class=\"gem-gallery-line\"><\/span> <\/div> <\/div> <div class=\"gem-gallery-item\"> <div class=\"gem-gallery-item-image\"> <a href=\"https:\/\/tenerife-trips.com\/wp-content\/uploads\/2019\/12\/1-7-thegem-gallery-sidebar.jpg\" data-fancybox-group=\"gallery-69e3445fc2807\" data-full-image-url=\"https:\/\/tenerife-trips.com\/wp-content\/uploads\/2019\/12\/1-7.jpg\"> <svg width=\"20\" height=\"10\"><path d=\"M 0,10 Q 9,9 10,0 Q 11,9 20,10\" \/><\/svg> <img src=\"https:\/\/tenerife-trips.com\/wp-content\/uploads\/2019\/12\/1-7-thegem-post-thumb-small.jpg\" alt=\"parco acquatico Tenerife\" class=\"img-responsive\"> <span class=\"gem-gallery-caption slide-info\"> <\/span> <\/a> <span class=\"gem-gallery-line\"><\/span> <\/div> <\/div> <div class=\"gem-gallery-item\"> <div class=\"gem-gallery-item-image\"> <a href=\"https:\/\/tenerife-trips.com\/wp-content\/uploads\/2019\/12\/2-8-thegem-gallery-sidebar.jpg\" data-fancybox-group=\"gallery-69e3445fc2807\" data-full-image-url=\"https:\/\/tenerife-trips.com\/wp-content\/uploads\/2019\/12\/2-8.jpg\"> <svg width=\"20\" height=\"10\"><path d=\"M 0,10 Q 9,9 10,0 Q 11,9 20,10\" \/><\/svg> <img src=\"https:\/\/tenerife-trips.com\/wp-content\/uploads\/2019\/12\/2-8-thegem-post-thumb-small.jpg\" alt=\"parco acquatico Tenerife\" class=\"img-responsive\"> <span class=\"gem-gallery-caption slide-info\"> <\/span> <\/a> <span class=\"gem-gallery-line\"><\/span> <\/div> <\/div> <div class=\"gem-gallery-item\"> <div class=\"gem-gallery-item-image\"> <a href=\"https:\/\/tenerife-trips.com\/wp-content\/uploads\/2019\/12\/5-5-thegem-gallery-sidebar.jpg\" data-fancybox-group=\"gallery-69e3445fc2807\" data-full-image-url=\"https:\/\/tenerife-trips.com\/wp-content\/uploads\/2019\/12\/5-5.jpg\"> <svg width=\"20\" height=\"10\"><path d=\"M 0,10 Q 9,9 10,0 Q 11,9 20,10\" \/><\/svg> <img src=\"https:\/\/tenerife-trips.com\/wp-content\/uploads\/2019\/12\/5-5-thegem-post-thumb-small.jpg\" alt=\"siam park\" class=\"img-responsive\"> <span class=\"gem-gallery-caption slide-info\"> <\/span> <\/a> <span class=\"gem-gallery-line\"><\/span> <\/div> <\/div> <\/div>[vc_empty_space][\/vc_column][\/vc_row][vc_row full_width=&#8221;stretch_row&#8221; css=&#8221;.vc_custom_1600449015207{background-color: #312c7a !important;background-position: center !important;background-repeat: no-repeat !important;background-size: cover !important;}&#8221;][vc_column][vc_column_text]<\/p>\n<h3 style=\"text-align: center;\"><span style=\"color: #ffffff;\"><span style=\"font-size: 18pt;\">OPIS\u00a0<\/span><\/span><\/h3>\n<p>[\/vc_column_text][\/vc_column][\/vc_row][vc_row][vc_column][vc_tta_accordion style=&#8221;simple_solid&#8221; color=&#8221;blue&#8221; c_icon=&#8221;chevron&#8221; active_section=&#8221;-0&#8243; collapsible_all=&#8221;true&#8221;][vc_tta_section title=&#8221;INFORMACJA NA TEMAT PARKU&#8221; tab_id=&#8221;1577671091617-0af8eee0-94020f62-84c4aac8-a49bd321-e00bb0c2-8f5aa850-451773fd-4020cf27-d150620b-19f37823-ac62&#8243;][vc_column_text]<\/p>\n<h3><span style=\"font-size: 12pt;\">Ju\u017c czwarty raz z rz\u0119du Siam Park Teneryfa uznany zosta\u0142 przez u\u017cytkownik\u00f3w Trip Advisor najlepszym parkiem wodnym na \u015bwiecie. <\/span><\/h3>\n<p><span style=\"font-size: 14pt;\">Otwarty on zosta\u0142 we wrze\u015bniu 2008 r. przez niemieckiego przedsi\u0119biorce Wolfganga Kiessling oraz jego syna Christopha. Na inauguracj\u0119 tej atrakcji jako go\u015b\u0107 specjalny zaproszona zosta\u0142a ksi\u0119\u017cniczka Tajlandii Maha Chakr Sirindhorn. Architektura oraz zje\u017cd\u017calnie parku wodnego cechuj\u0105 si\u0119 egzotycznym <a href=\"https:\/\/www.google.com\/search?rlz=1C1CHBF_enES778ES778&amp;source=univ&amp;tbm=isch&amp;q=architektura+tajska&amp;sa=X&amp;ved=2ahUKEwjZ-Yjvu6npAhUGkxQKHeQ4Cn8QsAR6BAgKEAE&amp;biw=1600&amp;bih=708\" target=\"_blank\" rel=\"noopener\">stylem tajlandzkim<\/a>, co wi\u0119cej znajduje si\u0119 tu najwi\u0119ksza kolekcja budynk\u00f3w w stylu tajskim poza Tajlandi\u0105!<\/span><\/p>\n<p><span style=\"font-size: 14pt;\">Siam Park Teneryfa oferuje mn\u00f3stwo atrakcji, jest miejscem idealnym do zabawy dla wszystkich, zar\u00f3wno doros\u0142ych, jak i dzieci. Ci najmniejsi bawi\u0107 si\u0119 mog\u0105 w \u201eThe Lost City\u201d b\u0119d\u0105cym fantastyczn\u0105, a jednocze\u015bnie bezpieczn\u0105 stref\u0105 dla dzieci; pe\u0142n\u0105 r\u00f3\u017cnych zje\u017cd\u017calni, kaskad wodnych, wie\u017cy oraz \u0142\u0105cz\u0105cych ich mostk\u00f3w. Z kolei dla tych bardziej odwa\u017cnych, szukaj\u0105cych adrenaliny czeka\u0107 b\u0119dzie tzw. Wie\u017ca Mocy, czyli \u201eTower of Power\u201d gdzie sp\u0142ywaj\u0105c osi\u0105gn\u0105\u0107 mo\u017cna a\u017c 80 km\/h przep\u0142ywaj\u0105c pod akwarium wype\u0142nionym rekinami oraz p\u0142aszczkami.<\/span><\/p>\n<h3><span style=\"font-size: 12pt;\">Na miejscu wybudowana jest instalacja odsalania wody morskiej wykorzystanej do nawodnienia atrakcji. Woda w Siam Park Teneryfa jest krystalicznie czysta i podgrzana do temperatury 25 \u00b0C, a raz zu\u017cyta jest ponownie wykorzystana do podlewania ro\u015blin sprawiaj\u0105cych, \u017ce atmosfera w parku jest jeszcze bardziej tropikalna.<\/span><\/h3>\n<p><span style=\"font-size: 14pt;\">\u201eThe Wave Palace\u201d jest kolejn\u0105 s\u0142ynn\u0105 atrakcj\u0105 sk\u0142adaj\u0105c\u0105 si\u0119 z basenu wytwarzaj\u0105cego najwi\u0119ksze na \u015bwiecie sztuczne fale osi\u0105gaj\u0105ce do 3 metr\u00f3w wysoko\u015bci. Ponadto, wok\u00f3\u0142 basenu znanduje si\u0119 bia\u0142a piaszczysta pla\u017ca z le\u017cakami, z kt\u00f3rych korzysta\u0107 mo\u017cna za darmo.<\/span><\/p>\n<p><span style=\"font-size: 14pt;\">Park wodny oferuje dla swoich klient\u00f3w us\u0142ugi takie jak na przyk\u0142ad restauracje, gdzie mo\u017cna znale\u017a\u0107 jedzenie, przek\u0105ski i napoje, bezp\u0142atne po\u0142\u0105czenie WiFi na terenie ca\u0142ego parku, miejsca parkingowe, bezp\u0142atne prysznice oraz przebieralnie. Wypo\u017cyczy\u0107 r\u00f3wnie\u017c mo\u017cna szafki do przechowania rzeczy oraz r\u0119czniki. W sklepach natomiast zakupi\u0107 mo\u017cna r\u00f3\u017cnego rodzaju pami\u0105tki, kremy przeciws\u0142oneczne, przek\u0105ski lub s\u0142odycze.<\/span><\/p>\n<p><span style=\"font-size: 14pt; color: #ff0000;\">Istnieje mo\u017cliwo\u015b\u0107 zakupu biletu <span style=\"text-decoration: underline;\">ALL INCLUSIVE<\/span>, kt\u00f3ry obejmuje preferencyjny dost\u0119p do atrakcji (z wy\u0142\u0105czeniem Tower of Power), bezp\u0142atn\u0105 konsumpcj\u0119 posi\u0142k\u00f3w i napoj\u00f3w, r\u0119cznik i szafk\u0119.<\/span><\/p>\n<p><span style=\"color: #ff0000; font-size: 14pt;\">BARDZO WA\u017bNE: Uprzejmie prosimy, aby\u015b skontaktowa\u0142 si\u0119 z nami przed dokonaniem rezerwacji w celu poinformowania nas o dniu, w kt\u00f3rym chcesz odwiedzi\u0107 Siam Park. Potrzebujemy chwili, aby m\u00f3c wys\u0142a\u0107 Ci bilet wst\u0119pu. Biletu nie trzeba drukowa\u0107, mo\u017cna go wy\u015bwietli\u0107 w telefonie kom\u00f3rkowym.\u00a0<\/span>[\/vc_column_text][\/vc_tta_section][vc_tta_section title=&#8221;ROZK\u0141AD I TRANSFER&#8221; tab_id=&#8221;1577671091666-736a5870-75e30f62-84c4aac8-a49bd321-e00bb0c2-8f5aa850-451773fd-4020cf27-d150620b-19f37823-ac62&#8243;][vc_column_text]<span style=\"font-size: 14pt;\">Dojazd do Siam Parku darmowym autobusem dost\u0119pny jest z r\u00f3\u017cnych przystank\u00f3w autobusowych znajduj\u0105cych si\u0119 w Los Cristianos oraz Las Americas. Uprzejmie prosimy o skontaktowanie si\u0119 z nami w celu uzyskania informacji na temat przystanku znajduj\u0105cego si\u0119 najbli\u017cej Twojego miejsca zakwaterowania.\u00a0\u00a0<\/span><\/p>\n<p><span style=\"text-decoration: underline; font-size: 14pt;\"><span style=\"color: #ff0000; text-decoration: underline;\">ROZK\u0141AD:<\/span><\/span><\/p>\n<p><span style=\"font-size: 14pt;\">Park wodny Siam Park otwarty jest codziennie w godzinach od 10:00 do 17:00.<\/span><\/p>\n<p><span style=\"font-size: 14pt;\"><strong>OBEJRZYJ NASZ FILMIK, PRZEKONAJ SI\u0118, JAK WYGL\u0104DA WYPAD DO SIAM PARKU I ZAREZERWUJ BILET JU\u017b TERAZ!<\/strong><\/span>[\/vc_column_text][\/vc_tta_section][\/vc_tta_accordion][\/vc_column][\/vc_row][vc_row full_width=&#8221;stretch_row_content&#8221; css=&#8221;.vc_custom_1600449048326{background-color: #312c7a !important;background-position: center !important;background-repeat: no-repeat !important;background-size: cover !important;}&#8221;][vc_column][vc_column_text]<\/p>\n<h3 style=\"text-align: center;\"><span style=\"color: #ffffff;\"><strong><span style=\"font-size: 18pt;\">ZAREZERWUJ TERAZ<\/span><\/strong><\/span><\/h3>\n<p>[\/vc_column_text][\/vc_column][\/vc_row]<\/p>\n<\/div>","protected":false},"excerpt":{"rendered":"<p>[vc_row full_width=&#8221;stretch_row_content_no_spaces&#8221;][vc_column][vc_column_text css=&#8221;.vc_custom_1743622310184{background-color: #F6EB14 !important;background-position: center !important;background-repeat: no-repeat !important;background-size: cover !important;}&#8221; css_animation=&#8221;fadeIn&#8221;] SIAM PARK [\/vc_column_text][\/vc_column][\/vc_row][vc_row][vc_column][vc_column_text] Ju\u017c czwarty raz z rz\u0119du&#8230;<\/p>\n","protected":false},"featured_media":64173,"template":"","meta":{"_acf_changed":false,"_seopress_robots_primary_cat":"2545","_seopress_titles_title":"Siam Park Teneryfa - Najlepszy park wodny na \u015bwiecie","_seopress_titles_desc":"Wed\u0142ug TripAdvisor Siam Park Teneryfa to najlepszy park wodny na \u015bwiecie, pe\u0142ny przyg\u00f3d i atrakcji. Zarezerwuj swoje bilety ju\u017c teraz","_seopress_robots_index":""},"product_brand":[],"product_cat":[2545],"product_tag":[2532,2706,2707,2705],"class_list":{"0":"post-64172","1":"product","2":"type-product","3":"status-publish","4":"has-post-thumbnail","6":"product_cat-parki-tematyczne","7":"product_tag-atrakcje-na-teneryfie","8":"product_tag-park-wodny-teneryfa","9":"product_tag-parki-rozrywki-teneryfa","10":"product_tag-siam-park-teneryfa","12":"first","13":"instock","14":"virtual","15":"sold-individually","16":"taxable","17":"purchasable","18":"product-type-booking"},"booking_location":"","booking_location_type":"","booking_duration":1,"booking_duration_unit":"day","booking_buffer":0,"booking_cost":0,"booking_resources":[],"acf":[],"_links":{"self":[{"href":"https:\/\/tenerife-trips.com\/pl\/wp-json\/wp\/v2\/product\/64172","targetHints":{"allow":["GET"]}}],"collection":[{"href":"https:\/\/tenerife-trips.com\/pl\/wp-json\/wp\/v2\/product"}],"about":[{"href":"https:\/\/tenerife-trips.com\/pl\/wp-json\/wp\/v2\/types\/product"}],"wp:featuredmedia":[{"embeddable":true,"href":"https:\/\/tenerife-trips.com\/pl\/wp-json\/wp\/v2\/media\/64173"}],"wp:attachment":[{"href":"https:\/\/tenerife-trips.com\/pl\/wp-json\/wp\/v2\/media?parent=64172"}],"wp:term":[{"taxonomy":"product_brand","embeddable":true,"href":"https:\/\/tenerife-trips.com\/pl\/wp-json\/wp\/v2\/product_brand?post=64172"},{"taxonomy":"product_cat","embeddable":true,"href":"https:\/\/tenerife-trips.com\/pl\/wp-json\/wp\/v2\/product_cat?post=64172"},{"taxonomy":"product_tag","embeddable":true,"href":"https:\/\/tenerife-trips.com\/pl\/wp-json\/wp\/v2\/product_tag?post=64172"}],"curies":[{"name":"wp","href":"https:\/\/api.w.org\/{rel}","templated":true}]}}