{"id":64216,"date":"2018-04-03T17:08:41","date_gmt":"2018-04-03T16:08:41","guid":{"rendered":"https:\/\/tenerife-trips.com\/?post_type=product&#038;p=64216"},"modified":"2025-12-03T12:02:52","modified_gmt":"2025-12-03T12:02:52","slug":"loro-park-i-siam-park","status":"publish","type":"product","link":"https:\/\/tenerife-trips.com\/pl\/product\/parki-tematyczne\/loro-park-i-siam-park\/","title":{"rendered":"PODW\u00d3JNY BILET LORO+SIAM"},"content":{"rendered":"<div class=\"wpb-content-wrapper\"><p>[vc_row full_width=&#8221;stretch_row_content_no_spaces&#8221;][vc_column][vc_column_text css=&#8221;.vc_custom_1743622250285{background-color: #F6EB14 !important;background-position: center !important;background-repeat: no-repeat !important;background-size: cover !important;}&#8221; css_animation=&#8221;fadeIn&#8221;]<\/p>\n<h1 class=\"title-h2\" style=\"text-align: center;\"><span style=\"font-size: 18pt; color: #312c7a;\">PODW\u00d3JNY BILET LORO+SIAM<\/span><\/h1>\n<p>[\/vc_column_text][\/vc_column][\/vc_row][vc_row][vc_column][vc_column_text]<\/p>\n<p style=\"text-align: center;\"><span style=\"font-size: 14pt;\">Kupuj\u0105c bilet podw\u00f3jny Loro Park i Siam Park otrzymasz specjaln\u0105 zni\u017ck\u0119 wst\u0119pu do obu atrakcji. Je\u015bli potrzebujesz transportu do Loro Parku, uprzejmie prosimy, aby si\u0119 z nami skontaktowa\u0107 i poinformowa\u0107 nas, kiedy chcesz si\u0119 tam wybra\u0107 i sk\u0105d dok\u0142adnie potrzebny jest transport.<\/span><\/p>\n<p style=\"text-align: center;\"><span style=\"font-size: 14pt;\"><strong>\u21d3 Sp\u00f3jrz na dalszy opis poni\u017cej \u21d3<\/strong><\/span><\/p>\n<p>[\/vc_column_text][\/vc_column][\/vc_row][vc_row full_width=&#8221;stretch_row_content&#8221; full_height=&#8221;yes&#8221; css=&#8221;.vc_custom_1576192123211{background-color: #312c7a !important;background-position: center !important;background-repeat: no-repeat !important;background-size: cover !important;}&#8221;][vc_column]<div class=\"gem-vimeo gem-wrapbox gem-wrapbox-style-no-style rounded-corners gem-wrapbox-position-below\" style=\"width: 100%;\"><div class=\"gem-wrapbox-inner gem-ratio-style\" style=\"padding-top: 56.25%\"><iframe webkitallowfullscreen=\"true\" mozallowfullscreen=\"true\" allowfullscreen=\"true\" class=\"gem-wrapbox-element img-responsive\" frameborder=\"0\" scrolling=\"no\" marginheight=\"0\" marginwidth=\"0\" src=\"\/\/player.vimeo.com\/video\/328641209?title=0&amp;byline=0&amp;portrait=0 \"><\/iframe><\/div><\/div>[vc_empty_space]<div class=\"preloader\"><div class=\"preloader-spin\"><\/div><\/div> <div id=\"gem-gallery-69dd051a86b24\" class=\"gem-gallery gem-gallery-hover-zooming-blur\"> <div class=\"gem-gallery-item\"> <div class=\"gem-gallery-item-image\"> <a href=\"https:\/\/tenerife-trips.com\/wp-content\/uploads\/2019\/12\/4-7-thegem-gallery-sidebar.jpg\" data-fancybox-group=\"gallery-69dd051a86b24\" data-full-image-url=\"https:\/\/tenerife-trips.com\/wp-content\/uploads\/2019\/12\/4-7.jpg\"> <svg width=\"20\" height=\"10\"><path d=\"M 0,10 Q 9,9 10,0 Q 11,9 20,10\" \/><\/svg> <img src=\"https:\/\/tenerife-trips.com\/wp-content\/uploads\/2019\/12\/4-7-thegem-post-thumb-small.jpg\" alt=\"siam park\" class=\"img-responsive\"> <span class=\"gem-gallery-caption slide-info\"> <\/span> <\/a> <span class=\"gem-gallery-line\"><\/span> <\/div> <\/div> <div class=\"gem-gallery-item\"> <div class=\"gem-gallery-item-image\"> <a href=\"https:\/\/tenerife-trips.com\/wp-content\/uploads\/2019\/12\/3-7-thegem-gallery-sidebar.jpg\" data-fancybox-group=\"gallery-69dd051a86b24\" data-full-image-url=\"https:\/\/tenerife-trips.com\/wp-content\/uploads\/2019\/12\/3-7.jpg\"> <svg width=\"20\" height=\"10\"><path d=\"M 0,10 Q 9,9 10,0 Q 11,9 20,10\" \/><\/svg> <img src=\"https:\/\/tenerife-trips.com\/wp-content\/uploads\/2019\/12\/3-7-thegem-post-thumb-small.jpg\" alt=\"siam park\" class=\"img-responsive\"> <span class=\"gem-gallery-caption slide-info\"> <\/span> <\/a> <span class=\"gem-gallery-line\"><\/span> <\/div> <\/div> <div class=\"gem-gallery-item\"> <div class=\"gem-gallery-item-image\"> <a href=\"https:\/\/tenerife-trips.com\/wp-content\/uploads\/2019\/12\/1-11-thegem-gallery-sidebar.jpg\" data-fancybox-group=\"gallery-69dd051a86b24\" data-full-image-url=\"https:\/\/tenerife-trips.com\/wp-content\/uploads\/2019\/12\/1-11.jpg\"> <svg width=\"20\" height=\"10\"><path d=\"M 0,10 Q 9,9 10,0 Q 11,9 20,10\" \/><\/svg> <img src=\"https:\/\/tenerife-trips.com\/wp-content\/uploads\/2019\/12\/1-11-thegem-post-thumb-small.jpg\" alt=\"entradas Loro Parque y Siam Park\" class=\"img-responsive\"> <span class=\"gem-gallery-caption slide-info\"> <\/span> <\/a> <span class=\"gem-gallery-line\"><\/span> <\/div> <\/div> <div class=\"gem-gallery-item\"> <div class=\"gem-gallery-item-image\"> <a href=\"https:\/\/tenerife-trips.com\/wp-content\/uploads\/2019\/12\/6-4-thegem-gallery-sidebar.jpg\" data-fancybox-group=\"gallery-69dd051a86b24\" data-full-image-url=\"https:\/\/tenerife-trips.com\/wp-content\/uploads\/2019\/12\/6-4.jpg\"> <svg width=\"20\" height=\"10\"><path d=\"M 0,10 Q 9,9 10,0 Q 11,9 20,10\" \/><\/svg> <img src=\"https:\/\/tenerife-trips.com\/wp-content\/uploads\/2019\/12\/6-4-thegem-post-thumb-small.jpg\" alt=\"Twin Ticket Tenerife\" class=\"img-responsive\"> <span class=\"gem-gallery-caption slide-info\"> <\/span> <\/a> <span class=\"gem-gallery-line\"><\/span> <\/div> <\/div> <div class=\"gem-gallery-item\"> <div class=\"gem-gallery-item-image\"> <a href=\"https:\/\/tenerife-trips.com\/wp-content\/uploads\/2019\/12\/7-thegem-gallery-sidebar.jpg\" data-fancybox-group=\"gallery-69dd051a86b24\" data-full-image-url=\"https:\/\/tenerife-trips.com\/wp-content\/uploads\/2019\/12\/7.jpg\"> <svg width=\"20\" height=\"10\"><path d=\"M 0,10 Q 9,9 10,0 Q 11,9 20,10\" \/><\/svg> <img src=\"https:\/\/tenerife-trips.com\/wp-content\/uploads\/2019\/12\/7-thegem-post-thumb-small.jpg\" alt=\"loro parque\" class=\"img-responsive\"> <span class=\"gem-gallery-caption slide-info\"> <\/span> <\/a> <span class=\"gem-gallery-line\"><\/span> <\/div> <\/div> <div class=\"gem-gallery-item\"> <div class=\"gem-gallery-item-image\"> <a href=\"https:\/\/tenerife-trips.com\/wp-content\/uploads\/2019\/12\/2-7-thegem-gallery-sidebar.jpg\" data-fancybox-group=\"gallery-69dd051a86b24\" data-full-image-url=\"https:\/\/tenerife-trips.com\/wp-content\/uploads\/2019\/12\/2-7.jpg\"> <svg width=\"20\" height=\"10\"><path d=\"M 0,10 Q 9,9 10,0 Q 11,9 20,10\" \/><\/svg> <img src=\"https:\/\/tenerife-trips.com\/wp-content\/uploads\/2019\/12\/2-7-thegem-post-thumb-small.jpg\" alt=\"Tenerife zoo\" class=\"img-responsive\"> <span class=\"gem-gallery-caption slide-info\"> <\/span> <\/a> <span class=\"gem-gallery-line\"><\/span> <\/div> <\/div> <div class=\"gem-gallery-item\"> <div class=\"gem-gallery-item-image\"> <a href=\"https:\/\/tenerife-trips.com\/wp-content\/uploads\/2019\/12\/4-6-thegem-gallery-sidebar.jpg\" data-fancybox-group=\"gallery-69dd051a86b24\" data-full-image-url=\"https:\/\/tenerife-trips.com\/wp-content\/uploads\/2019\/12\/4-6.jpg\"> <svg width=\"20\" height=\"10\"><path d=\"M 0,10 Q 9,9 10,0 Q 11,9 20,10\" \/><\/svg> <img src=\"https:\/\/tenerife-trips.com\/wp-content\/uploads\/2019\/12\/4-6-thegem-post-thumb-small.jpg\" alt=\"Twin Ticket Tenerife\" class=\"img-responsive\"> <span class=\"gem-gallery-caption slide-info\"> <\/span> <\/a> <span class=\"gem-gallery-line\"><\/span> <\/div> <\/div> <div class=\"gem-gallery-item\"> <div class=\"gem-gallery-item-image\"> <a href=\"https:\/\/tenerife-trips.com\/wp-content\/uploads\/2019\/12\/6-7-thegem-gallery-sidebar.jpg\" data-fancybox-group=\"gallery-69dd051a86b24\" data-full-image-url=\"https:\/\/tenerife-trips.com\/wp-content\/uploads\/2019\/12\/6-7.jpg\"> <svg width=\"20\" height=\"10\"><path d=\"M 0,10 Q 9,9 10,0 Q 11,9 20,10\" \/><\/svg> <img src=\"https:\/\/tenerife-trips.com\/wp-content\/uploads\/2019\/12\/6-7-thegem-post-thumb-small.jpg\" alt=\"entradas Loro Parque y Siam Park\" class=\"img-responsive\"> <span class=\"gem-gallery-caption slide-info\"> <\/span> <\/a> <span class=\"gem-gallery-line\"><\/span> <\/div> <\/div> <\/div>[vc_empty_space][\/vc_column][\/vc_row][vc_row full_width=&#8221;stretch_row&#8221; css=&#8221;.vc_custom_1600448811626{background-color: #312c7a !important;background-position: center !important;background-repeat: no-repeat !important;background-size: cover !important;}&#8221;][vc_column][vc_column_text]<\/p>\n<h3 style=\"text-align: center;\"><span style=\"color: #ffffff;\"><span style=\"font-size: 18pt;\">OPIS\u00a0<\/span><\/span><\/h3>\n<p>[\/vc_column_text][\/vc_column][\/vc_row][vc_row][vc_column][vc_tta_accordion style=&#8221;simple_solid&#8221; color=&#8221;blue&#8221; c_icon=&#8221;chevron&#8221; active_section=&#8221;-0&#8243; collapsible_all=&#8221;true&#8221;][vc_tta_section title=&#8221;INFORMACJA NA TEMAT PARKU&#8221; tab_id=&#8221;1577671091617-0af8eee0-94020f62-84c4aac8-a49bd321-e00bb0c2-8f5aa850-451773fd-4020cf27-d150620b-19f329fb-b000&#8243;][vc_column_text]<\/p>\n<h3><span style=\"font-size: 12pt;\">Kupuj\u0105c bilet podw\u00f3jny Loro Park i Siam Park masz okazj\u0119 skorzysta\u0107 ze wst\u0119pu do obu park\u00f3w rozrywki w wyj\u0105tkowej cenie!<\/span><\/h3>\n<p><span style=\"font-size: 14pt;\"><span style=\"color: #ff0000;\">Je\u015bli potrzebujesz transportu do Loro Parque, uprzejmie prosimy, aby si\u0119 z nami skontaktowa\u0107 i poinformowa\u0107 nas, kiedy chcesz si\u0119 tam wybra\u0107 i sk\u0105d dok\u0142adnie potrzebny jest transport.<\/span>\u00a0<\/span><\/p>\n<h3><span style=\"font-size: 12pt;\">Bilet podw\u00f3jny Loro Park i Siam Park jest \u015bwietnym wyborem, je\u015bli chcesz w pe\u0142ni cieszy\u0107 si\u0119 ze swoich wakacji i odwiedzi\u0107 te s\u0142ynne parki rozrywki. Oferowane przez nie atrakcje s\u0105 odpowiednie dla wszystkich os\u00f3b, zar\u00f3wno doros\u0142ych, jak i dzieci! <\/span><\/h3>\n<p><span style=\"font-size: 14pt;\">W Siam Park ci najmniejsi bawi\u0107 si\u0119 mog\u0105 w \u201eThe Lost City\u201d b\u0119d\u0105cym fantastyczn\u0105, a jednocze\u015bnie bezpieczn\u0105 stref\u0105 dla dzieci pe\u0142n\u0105 r\u00f3\u017cnych zje\u017cd\u017calni, kaskad wodnych, wie\u017cy oraz \u0142\u0105cz\u0105cych ich mostk\u00f3w. Z kolei dla tych bardziej odwa\u017cnych, szukaj\u0105cych adrenaliny czeka\u0107 b\u0119dzie tzw. Wie\u017ca Mocy, czyli \u201eTower of Power\u201d gdzie sp\u0142ywaj\u0105c osi\u0105gn\u0105\u0107 mo\u017cna a\u017c 80 km\/h przep\u0142ywaj\u0105c pod akwarium wype\u0142nionym rekinami oraz p\u0142aszczkami.<\/span><\/p>\n<p><span style=\"font-size: 14pt;\">Z kolei w parku zoologicznym Loro Park spotka\u0107 mo\u017cna wiele r\u00f3\u017cnych gatunk\u00f3w ssak\u00f3w, ptak\u00f3w, ryb oraz gad\u00f3w. Do jednej z najwi\u0119kszych atrakcji nale\u017c\u0105 fantastyczne pokazy orek, delfin\u00f3w, lw\u00f3w morskich oraz ptak\u00f3w. Atrakcja ta ustanowi\u0142a te\u017c wiele rekord\u00f3w takich, chocia\u017cby jak najwi\u0119kszego pokazu delfin\u00f3w w Europie lub najd\u0142u\u017cszego w Europie podwodnego tunelu prowadz\u0105cego dnem akwarium z rekinami oraz innymi gatunkami ryb.<\/span><\/p>\n<p><span style=\"font-size: 14pt;\"><strong><span style=\"color: #ff0000;\">BARDZO WA\u017bNE: Uprzejmie prosimy, aby skontaktowa\u0107 si\u0119 z nami przed dokonaniem rezerwacji w celu poinformowania nas o dniu, w kt\u00f3rym chcesz odwiedzi\u0107 oba parki atrakcji. Potrzebujemy chwili<\/span><\/strong><\/span><span style=\"font-size: 14pt;\"><strong><span style=\"color: #ff0000;\">, aby m\u00f3c wys\u0142a\u0107 Ci podw\u00f3jny bilet wst\u0119pu. Biletu nie trzeba drukowa\u0107, mo\u017cna pokaza\u0107 go na ekranie telefonu kom\u00f3rkowego.<\/span><\/strong><\/span><\/p>\n<p><span style=\"font-size: 14pt;\"><strong><span style=\"color: #ff0000;\">Siam Park otwarty jest codzienie w godzinach od 10:00 do 17:00.<\/span><\/strong><\/span><\/p>\n<p><span style=\"font-size: 14pt;\"><strong><span style=\"color: #ff0000;\">Loro Park otwarty jest od codziennie w godzinach od 09:30 do 17:30.<\/span><\/strong><\/span><\/p>\n<h3><span style=\"font-size: 12pt;\">Jeden bilet obowi\u0105zuje na oba parki; przy wej\u015bciu do pierwszego parku otrzymasz kolejny bilet wst\u0119pu do drugiego parku rozrywki.\u00a0 <\/span><\/h3>\n<p><span style=\"font-size: 14pt;\">Je\u017celi zakupiony masz bilet, kt\u00f3ry obejmuje wej\u015bcie do Loro Parku z transportem, a w pierwszej kolejno\u015bci wybierasz si\u0119 do Siam Parku, pami\u0119taj, \u017ceby zapisa\u0107 sobie czas odbioru i miejsce autobusu, kt\u00f3ry jedzie do Loro Parku. Informacja ta jest podana na podw\u00f3jnym bilecie, jednak\u017ce b\u0119dziesz musia\u0142 go odda\u0107 podczas wej\u015bcia do Siam Park!<\/span><\/p>\n<p><span style=\"font-size: 14pt;\">Podczas rezerwacji prosimy uwzgl\u0119dni\u0107 tak\u017ce numer dzieci wchodz\u0105cych do parku bezp\u0142atnie, gdy\u017c musz\u0105 one widnie\u0107 na bilecie.<\/span><\/p>\n<p><span style=\"font-size: 18.6667px;\">W obecnej chwili liczba os\u00f3b, kt\u00f3re mog\u0105 wej\u015b\u0107 do parku, jest ograniczona, dlatego podczas rezerwacji musisz wybra\u0107 konkretn\u0105 dat\u0119, w kt\u00f3r\u0105 odwiedzisz ka\u017cdy z park\u00f3w rozrywki. Przed rezerwacj\u0105 nale\u017cy skontaktowa\u0107 si\u0119 z nami, w celu potwierdzenia dost\u0119pno\u015bci.\u00a0<\/span>[\/vc_column_text][\/vc_tta_section][vc_tta_section title=&#8221;ROZK\u0141AD I TRANSFER&#8221; tab_id=&#8221;1577671091666-736a5870-75e30f62-84c4aac8-a49bd321-e00bb0c2-8f5aa850-451773fd-4020cf27-d150620b-19f329fb-b000&#8243;][vc_column_text]<span style=\"text-decoration: underline; color: #ff0000; font-size: 14pt;\">ROZK\u0141AD SIAM PARK:<\/span><\/p>\n<p><span style=\"font-size: 14pt;\">Otwarty codziennie w godzinach od 10:00 do 17:00.<\/span><\/p>\n<p><span style=\"text-decoration: underline; color: #ff0000; font-size: 14pt;\">ROZK\u0141AD LORO PARK:<\/span><\/p>\n<p><span style=\"font-size: 14pt;\">Otwarty codziennie w godzinach od 09:30 do 17:30. <\/span><\/p>\n<p><span style=\"font-size: 14pt;\">W celu uzyskania transportu do Loro Parku prosimy o kontakt z nami w celu sprawdzenia dost\u0119pno\u015bci tej us\u0142ugi z Twojej okolicy.<\/span><\/p>\n<p>&nbsp;<\/p>\n<p><span style=\"font-size: 14pt;\"><strong>OBEJRZYJ FILMIK, PRZEKONAJ SI\u0118, JAK WYGL\u0104DA NASZA WYCIECZKA I ZAREZERWUJ JU\u017b TERAZ!<\/strong><\/span>[\/vc_column_text][\/vc_tta_section][\/vc_tta_accordion][\/vc_column][\/vc_row][vc_row full_width=&#8221;stretch_row_content&#8221; css=&#8221;.vc_custom_1600448875960{background-color: #312c7a !important;background-position: center !important;background-repeat: no-repeat !important;background-size: cover !important;}&#8221;][vc_column][vc_column_text]<\/p>\n<h3 style=\"text-align: center;\"><span style=\"color: #ffffff;\"><strong><span style=\"font-size: 18pt;\">ZAREZERWUJ TERAZ<\/span><\/strong><\/span><\/h3>\n<p>[\/vc_column_text][\/vc_column][\/vc_row]<\/p>\n<\/div>","protected":false},"excerpt":{"rendered":"<p>[vc_row full_width=&#8221;stretch_row_content_no_spaces&#8221;][vc_column][vc_column_text css=&#8221;.vc_custom_1743622250285{background-color: #F6EB14 !important;background-position: center !important;background-repeat: no-repeat !important;background-size: cover !important;}&#8221; css_animation=&#8221;fadeIn&#8221;] PODW\u00d3JNY BILET LORO+SIAM [\/vc_column_text][\/vc_column][\/vc_row][vc_row][vc_column][vc_column_text] Kupuj\u0105c bilet podw\u00f3jny Loro&#8230;<\/p>\n","protected":false},"featured_media":170302,"template":"","meta":{"_acf_changed":false,"_seopress_robots_primary_cat":"2545","_seopress_titles_title":"Loro Park i Siam Park bilet podw\u00f3jny, \u0142atwa rezerwacja online","_seopress_titles_desc":"Skorzystaj ze zni\u017cki i zarezerwuj sw\u00f3j bilet podw\u00f3jny Loro Park i Siam Park b\u0119d\u0105cych jednymi z najlepszych park\u00f3w rozrywki na \u015bwiecie","_seopress_robots_index":""},"product_brand":[],"product_cat":[2545],"product_tag":[2709,2697,2708,2705],"class_list":{"0":"post-64216","1":"product","2":"type-product","3":"status-publish","4":"has-post-thumbnail","6":"product_cat-parki-tematyczne","7":"product_tag-loro-park-siam-park","8":"product_tag-loro-park-teneryfa","9":"product_tag-podwojny-bilet-loro-park-siam-park","10":"product_tag-siam-park-teneryfa","12":"first","13":"instock","14":"virtual","15":"sold-individually","16":"taxable","17":"purchasable","18":"product-type-booking"},"booking_location":"","booking_location_type":"","booking_duration":1,"booking_duration_unit":"day","booking_buffer":0,"booking_cost":0,"booking_resources":[],"acf":[],"_links":{"self":[{"href":"https:\/\/tenerife-trips.com\/pl\/wp-json\/wp\/v2\/product\/64216","targetHints":{"allow":["GET"]}}],"collection":[{"href":"https:\/\/tenerife-trips.com\/pl\/wp-json\/wp\/v2\/product"}],"about":[{"href":"https:\/\/tenerife-trips.com\/pl\/wp-json\/wp\/v2\/types\/product"}],"wp:featuredmedia":[{"embeddable":true,"href":"https:\/\/tenerife-trips.com\/pl\/wp-json\/wp\/v2\/media\/170302"}],"wp:attachment":[{"href":"https:\/\/tenerife-trips.com\/pl\/wp-json\/wp\/v2\/media?parent=64216"}],"wp:term":[{"taxonomy":"product_brand","embeddable":true,"href":"https:\/\/tenerife-trips.com\/pl\/wp-json\/wp\/v2\/product_brand?post=64216"},{"taxonomy":"product_cat","embeddable":true,"href":"https:\/\/tenerife-trips.com\/pl\/wp-json\/wp\/v2\/product_cat?post=64216"},{"taxonomy":"product_tag","embeddable":true,"href":"https:\/\/tenerife-trips.com\/pl\/wp-json\/wp\/v2\/product_tag?post=64216"}],"curies":[{"name":"wp","href":"https:\/\/api.w.org\/{rel}","templated":true}]}}