{"id":97040,"date":"2020-10-22T14:04:25","date_gmt":"2020-10-22T13:04:25","guid":{"rendered":"https:\/\/tenerife-trips.com\/?post_type=product&#038;p=97040"},"modified":"2025-12-03T11:49:38","modified_gmt":"2025-12-03T11:49:38","slug":"helikopter-teneryfa","status":"publish","type":"product","link":"https:\/\/tenerife-trips.com\/pl\/product\/sporty-lotnicze\/helikopter-teneryfa\/","title":{"rendered":"HELIKOPTER"},"content":{"rendered":"<div class=\"wpb-content-wrapper\"><p>[vc_row full_width=&#8221;stretch_row_content_no_spaces&#8221;][vc_column][vc_column_text css=&#8221;.vc_custom_1743620228063{background-color: #F6EB14 !important;background-position: center !important;background-repeat: no-repeat !important;background-size: cover !important;}&#8221; css_animation=&#8221;fadeIn&#8221;]<\/p>\n<h1 class=\"title-h2\" style=\"text-align: center;\"><span style=\"font-size: 18pt; color: #312c7a;\">HELIKOPTER<\/span><\/h1>\n<p>[\/vc_column_text][\/vc_column][\/vc_row][vc_row][vc_column][vc_column_text]<\/p>\n<p style=\"text-align: center;\">Lot helikopter Teneryfa to bez w\u0105tpienia jedna z <a href=\"https:\/\/tenerife-trips.com\/pl\/co-robic-na-teneryfie\/?lang=pl\">niepowtarzalnych wycieczek<\/a>, kt\u00f3re mo\u017cna odby\u0107 na Teneryfie. Oferujemy trasy r\u00f3\u017cnej d\u0142ugo\u015bci, od 20 do a\u017c 120 km!<\/p>\n<p style=\"text-decoration: underline; text-align: center;\"><span style=\"font-size: 14pt; color: #312c7a;\"><strong>\u21d3 Sp\u00f3jrz na dalszy opis poni\u017cej \u21d3<\/strong><\/span><\/p>\n<p>[\/vc_column_text][vc_empty_space][\/vc_column][\/vc_row][vc_row full_width=&#8221;stretch_row_content&#8221; full_height=&#8221;yes&#8221; css=&#8221;.vc_custom_1576192123211{background-color: #312c7a !important;background-position: center !important;background-repeat: no-repeat !important;background-size: cover !important;}&#8221;][vc_column]<div class=\"gem-vimeo gem-wrapbox gem-wrapbox-style-no-style rounded-corners gem-wrapbox-position-below\" style=\"width: 100%;\"><div class=\"gem-wrapbox-inner gem-ratio-style\" style=\"padding-top: 56.25%\"><iframe webkitallowfullscreen=\"true\" mozallowfullscreen=\"true\" allowfullscreen=\"true\" class=\"gem-wrapbox-element img-responsive\" frameborder=\"0\" scrolling=\"no\" marginheight=\"0\" marginwidth=\"0\" src=\"\/\/player.vimeo.com\/video\/470712681?title=0&amp;byline=0&amp;portrait=0 \"><\/iframe><\/div><\/div>[vc_empty_space]<div class=\"preloader\"><div class=\"preloader-spin\"><\/div><\/div> <div id=\"gem-gallery-69d607b0a5018\" class=\"gem-gallery gem-gallery-hover-zooming-blur\"> <div class=\"gem-gallery-item\"> <div class=\"gem-gallery-item-image\"> <a href=\"https:\/\/tenerife-trips.com\/wp-content\/uploads\/2020\/10\/elicottero-Tenerife-thegem-gallery-sidebar.png\" data-fancybox-group=\"gallery-69d607b0a5018\" data-full-image-url=\"https:\/\/tenerife-trips.com\/wp-content\/uploads\/2020\/10\/elicottero-Tenerife.png\"> <svg width=\"20\" height=\"10\"><path d=\"M 0,10 Q 9,9 10,0 Q 11,9 20,10\" \/><\/svg> <img src=\"https:\/\/tenerife-trips.com\/wp-content\/uploads\/2020\/10\/elicottero-Tenerife-thegem-post-thumb-small.png\" alt=\"elicottero Tenerife\" class=\"img-responsive\"> <span class=\"gem-gallery-caption slide-info\"> <\/span> <\/a> <span class=\"gem-gallery-line\"><\/span> <\/div> <\/div> <div class=\"gem-gallery-item\"> <div class=\"gem-gallery-item-image\"> <a href=\"https:\/\/tenerife-trips.com\/wp-content\/uploads\/2020\/10\/helicopter-tour-Tenerife-thegem-gallery-sidebar.png\" data-fancybox-group=\"gallery-69d607b0a5018\" data-full-image-url=\"https:\/\/tenerife-trips.com\/wp-content\/uploads\/2020\/10\/helicopter-tour-Tenerife.png\"> <svg width=\"20\" height=\"10\"><path d=\"M 0,10 Q 9,9 10,0 Q 11,9 20,10\" \/><\/svg> <img src=\"https:\/\/tenerife-trips.com\/wp-content\/uploads\/2020\/10\/helicopter-tour-Tenerife-thegem-post-thumb-small.png\" alt=\"\" class=\"img-responsive\"> <span class=\"gem-gallery-caption slide-info\"> <\/span> <\/a> <span class=\"gem-gallery-line\"><\/span> <\/div> <\/div> <div class=\"gem-gallery-item\"> <div class=\"gem-gallery-item-image\"> <a href=\"https:\/\/tenerife-trips.com\/wp-content\/uploads\/2020\/10\/b-thegem-gallery-sidebar.jpg\" data-fancybox-group=\"gallery-69d607b0a5018\" data-full-image-url=\"https:\/\/tenerife-trips.com\/wp-content\/uploads\/2020\/10\/b.jpg\"> <svg width=\"20\" height=\"10\"><path d=\"M 0,10 Q 9,9 10,0 Q 11,9 20,10\" \/><\/svg> <img src=\"https:\/\/tenerife-trips.com\/wp-content\/uploads\/2020\/10\/b-thegem-post-thumb-small.jpg\" alt=\"\" class=\"img-responsive\"> <span class=\"gem-gallery-caption slide-info\"> <\/span> <\/a> <span class=\"gem-gallery-line\"><\/span> <\/div> <\/div> <div class=\"gem-gallery-item\"> <div class=\"gem-gallery-item-image\"> <a href=\"https:\/\/tenerife-trips.com\/wp-content\/uploads\/2020\/10\/a-thegem-gallery-sidebar.jpg\" data-fancybox-group=\"gallery-69d607b0a5018\" data-full-image-url=\"https:\/\/tenerife-trips.com\/wp-content\/uploads\/2020\/10\/a.jpg\"> <svg width=\"20\" height=\"10\"><path d=\"M 0,10 Q 9,9 10,0 Q 11,9 20,10\" \/><\/svg> <img src=\"https:\/\/tenerife-trips.com\/wp-content\/uploads\/2020\/10\/a-thegem-post-thumb-small.jpg\" alt=\"\" class=\"img-responsive\"> <span class=\"gem-gallery-caption slide-info\"> <\/span> <\/a> <span class=\"gem-gallery-line\"><\/span> <\/div> <\/div> <div class=\"gem-gallery-item\"> <div class=\"gem-gallery-item-image\"> <a href=\"https:\/\/tenerife-trips.com\/wp-content\/uploads\/2020\/10\/c-thegem-gallery-sidebar.jpg\" data-fancybox-group=\"gallery-69d607b0a5018\" data-full-image-url=\"https:\/\/tenerife-trips.com\/wp-content\/uploads\/2020\/10\/c.jpg\"> <svg width=\"20\" height=\"10\"><path d=\"M 0,10 Q 9,9 10,0 Q 11,9 20,10\" \/><\/svg> <img src=\"https:\/\/tenerife-trips.com\/wp-content\/uploads\/2020\/10\/c-thegem-post-thumb-small.jpg\" alt=\"\" class=\"img-responsive\"> <span class=\"gem-gallery-caption slide-info\"> <\/span> <\/a> <span class=\"gem-gallery-line\"><\/span> <\/div> <\/div> <div class=\"gem-gallery-item\"> <div class=\"gem-gallery-item-image\"> <a href=\"https:\/\/tenerife-trips.com\/wp-content\/uploads\/2020\/10\/d-thegem-gallery-sidebar.jpg\" data-fancybox-group=\"gallery-69d607b0a5018\" data-full-image-url=\"https:\/\/tenerife-trips.com\/wp-content\/uploads\/2020\/10\/d.jpg\"> <svg width=\"20\" height=\"10\"><path d=\"M 0,10 Q 9,9 10,0 Q 11,9 20,10\" \/><\/svg> <img src=\"https:\/\/tenerife-trips.com\/wp-content\/uploads\/2020\/10\/d-thegem-post-thumb-small.jpg\" alt=\"\" class=\"img-responsive\"> <span class=\"gem-gallery-caption slide-info\"> <\/span> <\/a> <span class=\"gem-gallery-line\"><\/span> <\/div> <\/div> <\/div>[vc_empty_space][\/vc_column][\/vc_row][vc_row full_width=&#8221;stretch_row&#8221; css=&#8221;.vc_custom_1577670800120{background-color: #312c7a !important;background-position: center !important;background-repeat: no-repeat !important;background-size: cover !important;}&#8221;][vc_column][vc_column_text]<\/p>\n<h3 style=\"text-align: center;\"><span style=\"color: #ffffff; font-size: 18pt;\">opis<\/span><\/h3>\n<p>[\/vc_column_text][\/vc_column][\/vc_row][vc_row][vc_column][vc_tta_accordion style=&#8221;simple_solid&#8221; color=&#8221;blue&#8221; c_icon=&#8221;chevron&#8221; active_section=&#8221;-0&#8243; collapsible_all=&#8221;true&#8221;][vc_tta_section title=&#8221;OPIS WYCIECZKI&#8221; tab_id=&#8221;1577670774782-176a6d5c-3339d176-6d9543b0-4021&#8243;][vc_column_text css=&#8221;&#8221;]Lot helikopterem Teneryfa to bez w\u0105tpienia jedna z niepowtarzalnych wycieczek, jakie mo\u017cna odby\u0107 na Teneryfie. Podczas lotu b\u0119dziesz podziwia\u0107 wspania\u0142e krajobrazy, m\u00f3c zrobi\u0107 zdj\u0119cia czy te\u017c nakr\u0119ci\u0107 video uchwycaj\u0105c zapieraj\u0105ce dech w piersiach pi\u0119kno panoramy Teneryfy z lotu ptaka. Tym samym, jest to jeden z bardziej oryginalnych sposob\u00f3w, aby pozna\u0107 wysp\u0119!<\/p>\n<h3><span style=\"font-size: 12pt;\">punkt startowy, do kt\u00f3rego nale\u017cy si\u0119 uda\u0107 znajduje si\u0119 w okolicy adeje, na po\u0142udniu wyspy. dost\u0119pne s\u0105 r\u00f3\u017cne wycieczki helikopter teneryfa, od 20 do 120 km. oto mapa przedstawiaj\u0105ca opcje do wyboru:<\/span><\/h3>\n<h3><span style=\"text-decoration: underline; font-size: 14pt; color: #ff0000;\"><strong><img alt=\"\" class=\"alignleft wp-image-662285 size-full\" src=\"https:\/\/www.tenerife-trips.com\/wp-content\/uploads\/2020\/10\/finale.jpg\" alt=\"\" width=\"1562\" height=\"1080\" srcset=\"https:\/\/tenerife-trips.com\/wp-content\/uploads\/2020\/10\/finale.jpg 1562w, https:\/\/tenerife-trips.com\/wp-content\/uploads\/2020\/10\/finale-600x415.jpg 600w, https:\/\/tenerife-trips.com\/wp-content\/uploads\/2020\/10\/finale-300x207.jpg 300w, https:\/\/tenerife-trips.com\/wp-content\/uploads\/2020\/10\/finale-1024x708.jpg 1024w, https:\/\/tenerife-trips.com\/wp-content\/uploads\/2020\/10\/finale-768x531.jpg 768w, https:\/\/tenerife-trips.com\/wp-content\/uploads\/2020\/10\/finale-1536x1062.jpg 1536w\" sizes=\"(max-width: 1562px) 100vw, 1562px\" \/><\/strong><\/span><\/h3>\n<h2><span style=\"text-decoration: underline; font-size: 14pt; color: #312c7a;\"><strong>HELIkOPTER TENERyfa, opis tras:<\/strong><\/span><\/h2>\n<h4><span style=\"text-decoration: underline; color: #f78a40;\"><strong><span style=\"font-size: 12pt;\">po\u0142udniowe wybrze\u017ce (20 Km, 8 minut): <\/span><\/strong><\/span><\/h4>\n<p>Rozpoczynamy od lotu nad Costa Adeje przelatuj\u0105c nad rejonem <a href=\"https:\/\/www.google.pl\/maps\/place\/38679+La+Caleta,+Santa+Cruz+de+Tenerife\/@28.1008933,-16.7577555,17z\/data=!3m1!4b1!4m5!3m4!1s0xc6a90ce8bf2530f:0x4eacec4c09089d93!8m2!3d28.1001994!4d-16.7547945\">La Caleta<\/a> oraz jej pola golfowego. Nast\u0119pnie udamy si\u0119 nad okolice Playa de Las Am\u00e9ricas i Los Cristianos. M\u00f3wi\u0105c w skr\u00f3cie, trasa ta bez w\u0105tpienia pozwoli Ci odkry\u0107 najs\u0142ynniejszy region turystyczny wyspy.<\/p>\n<h4><span style=\"text-decoration: underline; color: #00ccff;\"><span style=\"font-size: 12pt;\"><strong>pla\u017ce i w\u0105wozy (30Km, 12 minut):<\/strong><\/span><\/span><\/h4>\n<p>Najpierw helikopter Teneryfa leci nad wiosk\u0105 La Caleta i jej polem golfowym, aby\u015b m\u00f3g\u0142 nast\u0119pnie ujrze\u0107 regiony turystyczne Playa de las Am\u00e9ricas i Los Cristianos. P\u00f3\u017aniej mo\u017cna podziwia\u0107 <a href=\"https:\/\/www.google.pl\/maps\/place\/Roque+del+Conde\/@28.1041852,-16.7073658,15z\/data=!3m1!4b1!4m5!3m4!1s0xc6a9a21cb047743:0x687e64a4895cec00!8m2!3d28.104167!4d-16.698611\" target=\"_blank\" rel=\"noopener\">Roque del Conde<\/a> i odkry\u0107 Barranco del Infierno i jego w\u0105wozy. To jednak nie wszystko, z wysoko\u015bci wzg\u00f3rz b\u0119dziemy mogli zachwyca\u0107 si\u0119 widokiem na wulkan Teide o wysoko\u015bci 3718 m n.p.m.<\/p>\n<h4><span style=\"text-decoration: underline; color: #0000bf;\"><span style=\"font-size: 12pt;\"><strong>klify gigant\u00f3w (50 Km, 20 minut):<\/strong><\/span><\/span><\/h4>\n<p>W pierwszej kolejno\u015bci przelecimy nad wiosk\u0105 La Caleta, a nast\u0119pnie udamy si\u0119 wzd\u0142u\u017c wybrze\u017ca w stron\u0119 <a href=\"https:\/\/www.google.pl\/maps\/place\/38687+Playa+San+Juan,+Santa+Cruz+de+Tenerife\/@28.1817858,-16.8190354,16.25z\/data=!4m5!3m4!1s0xc6a8e009649c9bf:0x90a672505a844872!8m2!3d28.1816173!4d-16.8170755\">Playa San Juan<\/a>. Lot b\u0119dziemy kontynuowa\u0107 w storn\u0119 p\u00f3\u0142nocna ponad <a href=\"https:\/\/www.google.pl\/maps\/place\/Alcal%C3%A1,+Santa+Cruz+de+Tenerife\/@28.200422,-16.8327177,16z\/data=!3m1!4b1!4m5!3m4!1s0xc6a8ddd3dacea59:0x624d2168adb13fa0!8m2!3d28.2021526!4d-16.8274248\">Alcal\u00e1<\/a> do momentu, a\u017c dotrzemy do majestatycznych klif\u00f3w <a href=\"https:\/\/www.google.pl\/maps\/place\/Acantilados+de+Los+Gigantes,+Santa+Cruz+de+Tenerife\/@28.2440365,-16.8448772,16z\/data=!3m1!4b1!4m5!3m4!1s0xc6a8c153fdc6811:0xa0340f674cf6610!8m2!3d28.2408828!4d-16.8377834\">Los Gigantes<\/a> (Gigant\u00f3w). W drodze powrotnej przelecimy nad g\u00f3rami oraz lasem sosnowym napawaj\u0105c si\u0119 wspania\u0142ym widokiem na wulkan Teide.<\/p>\n<h4><span style=\"text-decoration: underline; color: #008000;\"><span style=\"font-size: 12pt;\"><strong>region isla baja (85 Km, 30 minut): <\/strong><\/span><\/span><\/h4>\n<p>Trasa ta \u0142\u0105czy w sobie suchy, po\u0142udniowy krajobraz i ziele\u0144 p\u00f3\u0142nocy. Helikopter Teneryfa najpierw przeleci nad regionem La Caleta, Alcal\u00e1 i Playa San Juan, a nast\u0119pnie skieruje si\u0119 w stron\u0119 g\u00f3r Teno. W nast\u0119pnej kolejno\u015bci przelecimy nad <a href=\"https:\/\/www.google.pl\/maps\/place\/38480+Buenavista+del+Nte.,+Santa+Cruz+de+Tenerife\/@28.3710287,-16.8537935,16z\/data=!3m1!4b1!4m5!3m4!1s0xc6a61c4253adb65:0x9396a71db32d3ff7!8m2!3d28.3727951!4d-16.851763\">Buenavista del Norte<\/a>\u00a0i <a href=\"https:\/\/www.google.pl\/maps\/place\/Garachico,+Santa+Cruz+de+Tenerife\/@28.3725616,-16.765276,17z\/data=!3m1!4b1!4m5!3m4!1s0xc6a62846a5f860b:0xece9e1aeb7cea23c!8m2!3d28.3732467!4d-16.7640103\">Garachico<\/a> na p\u00f3\u0142nocnym wybrze\u017cu. Na koniec wr\u00f3cimy do naszej bazy, lec\u0105c tu\u017c nad lasem sosnowym.<\/p>\n<h4><span style=\"text-decoration: underline; color: #ff0000;\"><span style=\"font-size: 12pt;\"><strong>luksusowy Gran Teide (120 Km, 45 minut): <\/strong><\/span><\/span><\/h4>\n<p>Wycieczka VIP podczas kt\u00f3rej lecimy w ok\u00f3\u0142 niesamowitego Parku Narodowego Teide, wpisanego w 2007 r. na List\u0119 \u015awiatowego Dziedzictwa UNESCO. Park ten jest domem dla wulkanu Teide, wzbijaj\u0105cego si\u0119 na 3718 metr\u00f3w n.p.m. Jest on tym samym trzecim na \u015bwiecie co do wielko\u015bci wulkanem zaraz po hawajskim Mauna Kea i Mauna Loa. Podczas tej podr\u00f3\u017cy b\u0119dziesz mie\u0107 okazj\u0119 podziwia\u0107 uprzywilejowany widok na pi\u0119kne lasy oraz g\u00f3ry. Niekt\u00f3re z puntk\u00f3w szczeg\u00f3lnie godnych uwagi to <a href=\"https:\/\/www.google.pl\/maps\/place\/Orotava+Valley,+Santa+Cruz+de+Tenerife\/@28.3117318,-16.6437472,12z\/data=!3m1!4b1!4m5!3m4!1s0xc6a819b1a2a4e8b:0xc963883f687ac8fd!8m2!3d28.3230695!4d-16.5584071\">Valle da la Orotava<\/a>, <a href=\"https:\/\/www.google.pl\/maps\/place\/38400+Puerto+de+la+Cruz,+Santa+Cruz+de+Tenerife\/@28.4091494,-16.5571885,15z\/data=!3m1!4b1!4m5!3m4!1s0xc6a7ffa897afdb1:0xfe20ba57c9146376!8m2!3d28.411413!4d-16.5449611\">Puerto de la Cruz<\/a>, <a href=\"https:\/\/www.google.pl\/maps\/place\/38690+Santiago+del+Teide,+Santa+Cruz+de+Tenerife\/@28.2955123,-16.8173361,17z\/data=!3m1!4b1!4m5!3m4!1s0xc6a89619e99c21b:0x279c4fb7d60cfe04!8m2!3d28.2972603!4d-16.8156254\">Santiago del Teide<\/a> i <a href=\"https:\/\/www.google.pl\/maps\/place\/38613+Vilaflor,+Santa+Cruz+de+Tenerife,+Santa+Cruz+de+Tenerife\/@28.1563582,-16.6417589,16z\/data=!3m1!4b1!4m5!3m4!1s0xc6a9b78f07a44db:0x4c0d623a565d76ff!8m2!3d28.1578174!4d-16.6372355\">Vilaflor<\/a>. Ponadto, zaoferujemy Ci wino musuj\u0105ce aby w pe\u0142ni cieszy\u0107 si\u0119 tym niezapomnianym prze\u017cyciem VIP!<\/p>\n<h4><span style=\"font-size: 12pt;\"><strong><span style=\"color: #ff0000;\"><span style=\"text-decoration: underline;\">wa\u017cna uwaga:<\/span> wycieczk\u0119 nale\u017cy zarezerwowa\u0107 co najmniej 48 godzin przed zaplanowan\u0105 dat\u0105 lotu. podczas rezerwacji nale\u017cy poda\u0107 w polu &#8220;dodatkowe informacje&#8221; wag\u0119 ka\u017cdej z os\u00f3b. w dniu lotu ka\u017cdy z klient\u00f3w musi pokaza\u0107 w\u0142asny dokument identyfikacji osobistej. W helikopterze znajduj\u0105 si\u0119 4 miejsca dost\u0119pne dla klient\u00f3w; je\u015bli chcesz wykupi\u0107 prywatn\u0105 wycieczk\u0119 dla mniej ni\u017c 4 os\u00f3b, musisz zap\u0142aci\u0107 cen\u0119 wycieczki za osob\u0119 pomno\u017con\u0105 przez 3,5. Obowi\u0105zuje limit wagowy do 110 kg, je\u015bli wa\u017cysz wi\u0119cej, musisz zap\u0142aci\u0107 cen\u0119 wycieczki za osob\u0119 pomno\u017con\u0105 przez 1,5; Dzieje si\u0119 tak, poniewa\u017c w takim przypadku mo\u017cemy zabra\u0107 na pok\u0142ad o 1 osob\u0119 mniej. Cena podana jest za zaj\u0119te siedzenie a nie od osoby, wi\u0119c jest taka sama dla doros\u0142ych jak i dla dzieci.<\/span><\/strong><\/span><\/h4>\n<h3><span style=\"font-size: 12pt;\">podsumowuj\u0105c, wyprawa helikopterem teneryfa jest jedn\u0105 z najs\u0142ynniejszych i najciekawszych wycieczek dost\u0119pnych na wyspie.<\/span><\/h3>\n<p><span style=\"font-size: 14pt;\"><strong>Nie przegap jej i zarezerwuj sw\u00f3j lot ju\u017c teraz!<\/strong><\/span>[\/vc_column_text][\/vc_tta_section][vc_tta_section title=&#8221;ROZK\u0141AD I TRANSFER&#8221; tab_id=&#8221;1577670774833-8f45ebdc-ed58d176-6d9543b0-4021&#8243;][vc_column_text]<span style=\"color: #312c7a;\">Transport nie jest dost\u0119pny. Nale\u017cy si\u0119 uda\u0107 do naszej bazy znajduj\u0105cej si\u0119 w <a href=\"https:\/\/www.google.com\/maps\/place\/Adeje,+Santa+Cruz+de+Tenerife\/@28.1217966,-16.7426763,15z\/data=!3m1!4b1!4m5!3m4!1s0xc6a909bd5432ced:0x2abb5d93f23f4103!8m2!3d28.1220604!4d-16.7338211\">Adeje<\/a>.<\/span><\/p>\n<p><span style=\"text-decoration: underline;\"><span style=\"color: #ff0000; text-decoration: underline;\">ROZK\u0141AD:<\/span><\/span><\/p>\n<p>Wycieczka odbywa si\u0119 codziennie.<\/p>\n<h6><span style=\"color: #312c7a;\">obejrzyj filmik, przekonaj si\u0119m jak wygl\u0105da wycieczka i zerezerwuj sw\u00f3j lot ju\u017c teraz!<\/span><\/h6>\n<p>[\/vc_column_text][\/vc_tta_section][vc_tta_section title=&#8221;POLITYKA ANULOWANIA&#8221; tab_id=&#8221;1611580290197-69d4c9d0-e2f8&#8243;][vc_column_text]Je\u015bli anulujesz rezerwacj\u0119 z wyprzedzeniem wi\u0119kszym ni\u017c 48 godzin przed lotem, zostaniesz obci\u0105\u017cony op\u0142at\u0105 w wysoko\u015bci 50% zap\u0142aconej kwoty.<\/p>\n<p>W przypadku anulowania rezerwacji na mniej ni\u017c 48 godzin przed lotem zostaniesz obci\u0105\u017cony 100% zap\u0142aconej kwoty.<\/p>\n<p>Je\u017celi w dniu lotu pilot uzna, \u017ce warunki nie s\u0105 odpowiednie do lotu, postaramy si\u0119 prze\u0142o\u017cy\u0107 wycieczk\u0119 na inny dzie\u0144. W przypadku, gdy nowy termin nie b\u0119dzie mo\u017cliwy dla klienta do wykonania, zwr\u00f3cimy 100% wp\u0142aconej kwoty.[\/vc_column_text][\/vc_tta_section][\/vc_tta_accordion]<style type=\"text\/css\">.thegem-button-69d607b0a65bb2478 .gem-button svg {fill: #ffffff;}.thegem-button-69d607b0a65bb2478 .gem-button:hover svg {fill: #312c7a;}<\/style><div class=\"gem-button-container gem-button-position-center thegem-button-69d607b0a65bb2478    \"  ><a class=\"gem-button gem-button-size-small gem-button-style-flat gem-button-text-weight-normal\" data-ll-effect=\"drop-right-without-wrap\" style=\"border-radius: 3px;background-color: #312c7a;color: #ffffff;\" onmouseleave=\"this.style.backgroundColor='#312c7a';this.style.color='#ffffff';\" onmouseenter=\"this.style.backgroundColor='#f6eb14';this.style.color='#312c7a';\" href=\"#cennik-helicopter\" target=\"_self\">CENNIK<\/a><\/div> [\/vc_column][\/vc_row][vc_row full_width=&#8221;stretch_row_content&#8221; css=&#8221;.vc_custom_1577475746461{background-color: #312c7a !important;background-position: center !important;background-repeat: no-repeat !important;background-size: cover !important;}&#8221;][vc_column][vc_column_text]<\/p>\n<h3 style=\"text-align: center;\"><strong><span style=\"font-size: 18pt; color: #ffffff;\">ZAREZERWUJ TERAZ<\/span><\/strong><\/h3>\n<p>[\/vc_column_text][vc_empty_space height=&#8221;10px&#8221; el_id=&#8221;cennik-helicopter&#8221;][\/vc_column][\/vc_row]<\/p>\n<\/div>","protected":false},"excerpt":{"rendered":"<p>[vc_row full_width=&#8221;stretch_row_content_no_spaces&#8221;][vc_column][vc_column_text css=&#8221;.vc_custom_1743620228063{background-color: #F6EB14 !important;background-position: center !important;background-repeat: no-repeat !important;background-size: cover !important;}&#8221; css_animation=&#8221;fadeIn&#8221;] HELIKOPTER [\/vc_column_text][\/vc_column][\/vc_row][vc_row][vc_column][vc_column_text] Lot helikopter Teneryfa to bez w\u0105tpienia&#8230;<\/p>\n","protected":false},"featured_media":85821,"template":"","meta":{"_acf_changed":false,"_seopress_robots_primary_cat":"2541","_seopress_titles_title":"Helikopter Teneryfa, podziwaj pi\u0119kne widoki","_seopress_titles_desc":"Udaj si\u0119 w lot z Helikopter Teneryfa i ciesz si\u0119 uprzywilejowanym widokiem na najpi\u0119kniejsze miejsca na wyspie. Zarezerwuj online ju\u017c teraz","_seopress_robots_index":""},"product_brand":[],"product_cat":[2541],"product_tag":[2778,2779,2780,2781],"class_list":{"0":"post-97040","1":"product","2":"type-product","3":"status-publish","4":"has-post-thumbnail","6":"product_cat-sporty-lotnicze","7":"product_tag-helikopter-teneryfa","8":"product_tag-lot-helikopterem-na-teneryfie","9":"product_tag-lot-helikopterem-teneryfa","10":"product_tag-wycireczka-helikopterem-teneryfa","12":"first","13":"instock","14":"virtual","15":"sold-individually","16":"taxable","17":"purchasable","18":"product-type-booking"},"booking_location":"","booking_location_type":"","booking_duration":1,"booking_duration_unit":"day","booking_buffer":0,"booking_cost":0,"booking_resources":[],"acf":[],"_links":{"self":[{"href":"https:\/\/tenerife-trips.com\/pl\/wp-json\/wp\/v2\/product\/97040","targetHints":{"allow":["GET"]}}],"collection":[{"href":"https:\/\/tenerife-trips.com\/pl\/wp-json\/wp\/v2\/product"}],"about":[{"href":"https:\/\/tenerife-trips.com\/pl\/wp-json\/wp\/v2\/types\/product"}],"wp:featuredmedia":[{"embeddable":true,"href":"https:\/\/tenerife-trips.com\/pl\/wp-json\/wp\/v2\/media\/85821"}],"wp:attachment":[{"href":"https:\/\/tenerife-trips.com\/pl\/wp-json\/wp\/v2\/media?parent=97040"}],"wp:term":[{"taxonomy":"product_brand","embeddable":true,"href":"https:\/\/tenerife-trips.com\/pl\/wp-json\/wp\/v2\/product_brand?post=97040"},{"taxonomy":"product_cat","embeddable":true,"href":"https:\/\/tenerife-trips.com\/pl\/wp-json\/wp\/v2\/product_cat?post=97040"},{"taxonomy":"product_tag","embeddable":true,"href":"https:\/\/tenerife-trips.com\/pl\/wp-json\/wp\/v2\/product_tag?post=97040"}],"curies":[{"name":"wp","href":"https:\/\/api.w.org\/{rel}","templated":true}]}}